{"id":187,"date":"2023-06-01T05:46:29","date_gmt":"2023-06-01T05:46:29","guid":{"rendered":"https:\/\/fibichlaw.com\/?page_id=187"},"modified":"2025-08-09T16:53:50","modified_gmt":"2025-08-09T16:53:50","slug":"espanol","status":"publish","type":"page","link":"https:\/\/fibichlaw.com\/es\/","title":{"rendered":"Espa\u00f1ol"},"content":{"rendered":"<h2>Fibich, Leebron, Copeland y Briggs<\/h2>\n<p>No hay duda de que la experiencia importa. En nuestro bufete de abogados, tenemos m\u00e1s de un siglo de experiencia legal combinada en la representaci\u00f3n de los intereses de nuestros clientes. Somos un bufete de abogados de alta calificaci\u00f3n que se centra en el cliente y tiene un historial de \u00e9xito. Nuestro objetivo es avanzar sus intereses, proteger sus derechos, y agresivamente perseguir un resultado equitativo y generoso con su caso.<\/p>\n<h3>Un Enfoque \u00danico a la Representaci\u00f3n Legal<\/h3>\n<p>\u00bfQu\u00e9 nos califica para atender su caso? En Fibich, Leebron, Copeland y Briggs, tomamos una amplia variedad de casos en todo el espectro del derecho de demandantes. No somos s\u00f3lo un bufete local de abogados: Nuestros abogados prestan sus servicios a clientes en Houston, Galveston, el sur de Texas y Luisiana.<\/p>\n","protected":false},"excerpt":{"rendered":"<p>Fibich, Leebron, Copeland y Briggs No hay duda de que la experiencia importa. En nuestro bufete de abogados, tenemos m\u00e1s de un siglo de experiencia legal combinada en la representaci\u00f3n de los intereses de nuestros clientes. Somos un bufete de abogados de alta calificaci\u00f3n que se centra en el cliente y tiene un historial de&#8230;<\/p>\n","protected":false},"author":3,"featured_media":0,"parent":0,"menu_order":51,"comment_status":"closed","ping_status":"closed","template":"template-spanish-home.php","meta":{"_acf_changed":false,"footnotes":"","_elementor_data":""},"class_list":["post-187","page","type-page","status-publish","hentry"],"acf":[],"page_builder_type":"classic","gutenberg_data":[],"yoast_head":"<!-- This site is optimized with the Yoast SEO plugin v27.3 - https:\/\/yoast.com\/product\/yoast-seo-wordpress\/ -->\n<title>Abogados De Houston - Fibich, Leebron, Copeland Y Briggs<\/title>\n<meta name=\"description\" content=\"Hable con nuestros abogados experimentados de Houston en Fibich, Leebron, Copeland y Briggs acerca de su caso legal. Programe su consulta gratuita hoy.\" \/>\n<meta name=\"robots\" content=\"index, follow, max-snippet:-1, max-image-preview:large, max-video-preview:-1\" \/>\n<link rel=\"canonical\" href=\"https:\/\/fibichlaw.com\/es\/\" \/>\n<meta property=\"og:locale\" content=\"es_ES\" \/>\n<meta property=\"og:type\" content=\"article\" \/>\n<meta property=\"og:title\" content=\"Abogados De Houston - Fibich, Leebron, Copeland Y Briggs\" \/>\n<meta property=\"og:description\" content=\"Hable con nuestros abogados experimentados de Houston en Fibich, Leebron, Copeland y Briggs acerca de su caso legal. Programe su consulta gratuita hoy.\" \/>\n<meta property=\"og:url\" content=\"https:\/\/fibichlaw.com\/es\/\" \/>\n<meta property=\"og:site_name\" content=\"Fibich Leebron Copeland &amp; Briggs\" \/>\n<meta property=\"article:publisher\" content=\"https:\/\/www.facebook.com\/fibichleebron\/\" \/>\n<meta property=\"article:modified_time\" content=\"2025-08-09T16:53:50+00:00\" \/>\n<meta property=\"og:image\" content=\"https:\/\/fibichlaw.com\/wp-content\/uploads\/2023\/08\/fibich-about-banner-img.jpg\" \/>\n\t<meta property=\"og:image:width\" content=\"458\" \/>\n\t<meta property=\"og:image:height\" content=\"326\" \/>\n\t<meta property=\"og:image:type\" content=\"image\/jpeg\" \/>\n<meta name=\"twitter:card\" content=\"summary_large_image\" \/>\n<meta name=\"twitter:site\" content=\"@FibichLaw\" \/>\n<meta name=\"twitter:label1\" content=\"Tiempo de lectura\" \/>\n\t<meta name=\"twitter:data1\" content=\"1 minuto\" \/>\n<!-- \/ Yoast SEO plugin. -->","yoast_head_json":{"title":"Abogados De Houston - Fibich, Leebron, Copeland Y Briggs","description":"Hable con nuestros abogados experimentados de Houston en Fibich, Leebron, Copeland y Briggs acerca de su caso legal. Programe su consulta gratuita hoy.","robots":{"index":"index","follow":"follow","max-snippet":"max-snippet:-1","max-image-preview":"max-image-preview:large","max-video-preview":"max-video-preview:-1"},"canonical":"https:\/\/fibichlaw.com\/es\/","og_locale":"es_ES","og_type":"article","og_title":"Abogados De Houston - Fibich, Leebron, Copeland Y Briggs","og_description":"Hable con nuestros abogados experimentados de Houston en Fibich, Leebron, Copeland y Briggs acerca de su caso legal. Programe su consulta gratuita hoy.","og_url":"https:\/\/fibichlaw.com\/es\/","og_site_name":"Fibich Leebron Copeland &amp; Briggs","article_publisher":"https:\/\/www.facebook.com\/fibichleebron\/","article_modified_time":"2025-08-09T16:53:50+00:00","og_image":[{"width":458,"height":326,"url":"https:\/\/fibichlaw.com\/wp-content\/uploads\/2023\/08\/fibich-about-banner-img.jpg","type":"image\/jpeg"}],"twitter_card":"summary_large_image","twitter_site":"@FibichLaw","twitter_misc":{"Tiempo de lectura":"1 minuto"},"schema":{"@context":"https:\/\/schema.org","@graph":[{"@type":"WebPage","@id":"https:\/\/fibichlaw.com\/es\/","url":"https:\/\/fibichlaw.com\/es\/","name":"Abogados De Houston - Fibich, Leebron, Copeland Y Briggs","isPartOf":{"@id":"https:\/\/fibichlaw.com\/es\/#website"},"datePublished":"2023-06-01T05:46:29+00:00","dateModified":"2025-08-09T16:53:50+00:00","description":"Hable con nuestros abogados experimentados de Houston en Fibich, Leebron, Copeland y Briggs acerca de su caso legal. Programe su consulta gratuita hoy.","breadcrumb":{"@id":"https:\/\/fibichlaw.com\/es\/#breadcrumb"},"inLanguage":"es","potentialAction":[{"@type":"ReadAction","target":["https:\/\/fibichlaw.com\/es\/"]}]},{"@type":"BreadcrumbList","@id":"https:\/\/fibichlaw.com\/es\/#breadcrumb","itemListElement":[{"@type":"ListItem","position":1,"name":"Inicio","item":"https:\/\/fibichlaw.com\/es\/"},{"@type":"ListItem","position":2,"name":"Espa\u00f1ol"}]},{"@type":"WebSite","@id":"https:\/\/fibichlaw.com\/es\/#website","url":"https:\/\/fibichlaw.com\/es\/","name":"Fibich Leebron Copeland & Briggs","description":"","publisher":{"@id":"https:\/\/fibichlaw.com\/es\/#organization"},"potentialAction":[{"@type":"SearchAction","target":{"@type":"EntryPoint","urlTemplate":"https:\/\/fibichlaw.com\/es\/?s={search_term_string}"},"query-input":{"@type":"PropertyValueSpecification","valueRequired":true,"valueName":"search_term_string"}}],"inLanguage":"es"},{"@type":"Organization","@id":"https:\/\/fibichlaw.com\/es\/#organization","name":"Fibich Leebron Copeland & Briggs","url":"https:\/\/fibichlaw.com\/es\/","logo":{"@type":"ImageObject","inLanguage":"es","@id":"https:\/\/fibichlaw.com\/es\/#\/schema\/logo\/image\/","url":"https:\/\/fibichlaw.com\/wp-content\/uploads\/2023\/06\/fibich-footer-logo.svg","contentUrl":"https:\/\/fibichlaw.com\/wp-content\/uploads\/2023\/06\/fibich-footer-logo.svg","width":1,"height":1,"caption":"Fibich Leebron Copeland & Briggs"},"image":{"@id":"https:\/\/fibichlaw.com\/es\/#\/schema\/logo\/image\/"},"sameAs":["https:\/\/www.facebook.com\/fibichleebron\/","https:\/\/x.com\/FibichLaw","https:\/\/www.instagram.com\/attorneyerin\/","https:\/\/www.linkedin.com\/company\/fibich-leebron-copeland-briggs-josephson\/","https:\/\/www.youtube.com\/channel\/UCm_MuQE-2IqJmh5zvEc4Mtg"]}]}},"_links":{"self":[{"href":"https:\/\/fibichlaw.com\/es\/wp-json\/wp\/v2\/pages\/187","targetHints":{"allow":["GET"]}}],"collection":[{"href":"https:\/\/fibichlaw.com\/es\/wp-json\/wp\/v2\/pages"}],"about":[{"href":"https:\/\/fibichlaw.com\/es\/wp-json\/wp\/v2\/types\/page"}],"author":[{"embeddable":true,"href":"https:\/\/fibichlaw.com\/es\/wp-json\/wp\/v2\/users\/3"}],"replies":[{"embeddable":true,"href":"https:\/\/fibichlaw.com\/es\/wp-json\/wp\/v2\/comments?post=187"}],"version-history":[{"count":0,"href":"https:\/\/fibichlaw.com\/es\/wp-json\/wp\/v2\/pages\/187\/revisions"}],"wp:attachment":[{"href":"https:\/\/fibichlaw.com\/es\/wp-json\/wp\/v2\/media?parent=187"}],"curies":[{"name":"wp","href":"https:\/\/api.w.org\/{rel}","templated":true}]}}