{"id":194,"date":"2023-05-31T15:49:05","date_gmt":"2023-05-31T15:49:05","guid":{"rendered":"https:\/\/fibichlaw.com\/?page_id=194"},"modified":"2023-09-18T07:16:52","modified_gmt":"2023-09-18T07:16:52","slug":"contactenos","status":"publish","type":"page","link":"https:\/\/fibichlaw.com\/es\/contactenos\/","title":{"rendered":"Cont\u00e1ctenos"},"content":{"rendered":"<h2>Contacto Fibich, Leebron, Copeland &amp; Briggs<\/h2>\n<h3>Da\u00f1os ambientales Causados \u200b\u200bpor Compa\u00f1\u00edas de Petr\u00f3leo y Gas<\/h3>\n","protected":false},"excerpt":{"rendered":"<p>Contacto Fibich, Leebron, Copeland &amp; Briggs Da\u00f1os ambientales Causados \u200b\u200bpor Compa\u00f1\u00edas de Petr\u00f3leo y Gas<\/p>\n","protected":false},"author":3,"featured_media":0,"parent":0,"menu_order":190,"comment_status":"closed","ping_status":"closed","template":"contact.php","meta":{"_acf_changed":false,"footnotes":"","_elementor_data":""},"class_list":["post-194","page","type-page","status-publish","hentry"],"acf":[],"page_builder_type":"classic","gutenberg_data":[],"yoast_head":"<!-- This site is optimized with the Yoast SEO plugin v27.3 - https:\/\/yoast.com\/product\/yoast-seo-wordpress\/ -->\n<title>Cont\u00e1ctenos - Fibich, Leebron, Copeland &amp; Briggs<\/title>\n<meta name=\"description\" content=\"Si ha sufrido un accidente, \u00a1hable con un abogado de da\u00f1os personales en Houston de Fibich, Leebron, Copeland &amp; Brigg para una consulta gratis! Servicios en Texas y Luisiana.\" \/>\n<meta name=\"robots\" content=\"index, follow, max-snippet:-1, max-image-preview:large, max-video-preview:-1\" \/>\n<link rel=\"canonical\" href=\"https:\/\/fibichlaw.com\/es\/contactenos\/\" \/>\n<meta property=\"og:locale\" content=\"es_ES\" \/>\n<meta property=\"og:type\" content=\"article\" \/>\n<meta property=\"og:title\" content=\"Cont\u00e1ctenos - Fibich, Leebron, Copeland &amp; Briggs\" \/>\n<meta property=\"og:description\" content=\"Si ha sufrido un accidente, \u00a1hable con un abogado de da\u00f1os personales en Houston de Fibich, Leebron, Copeland &amp; Brigg para una consulta gratis! Servicios en Texas y Luisiana.\" \/>\n<meta property=\"og:url\" content=\"https:\/\/fibichlaw.com\/es\/contactenos\/\" \/>\n<meta property=\"og:site_name\" content=\"Fibich Leebron Copeland &amp; Briggs\" \/>\n<meta property=\"article:publisher\" content=\"https:\/\/www.facebook.com\/fibichleebron\/\" \/>\n<meta property=\"article:modified_time\" content=\"2023-09-18T07:16:52+00:00\" \/>\n<meta property=\"og:image\" content=\"https:\/\/fibichlaw.com\/wp-content\/uploads\/2023\/08\/fibich-about-banner-img.jpg\" \/>\n\t<meta property=\"og:image:width\" content=\"458\" \/>\n\t<meta property=\"og:image:height\" content=\"326\" \/>\n\t<meta property=\"og:image:type\" content=\"image\/jpeg\" \/>\n<meta name=\"twitter:card\" content=\"summary_large_image\" \/>\n<meta name=\"twitter:site\" content=\"@FibichLaw\" \/>\n<meta name=\"twitter:label1\" content=\"Tiempo de lectura\" \/>\n\t<meta name=\"twitter:data1\" content=\"1 minuto\" \/>\n<!-- \/ Yoast SEO plugin. -->","yoast_head_json":{"title":"Cont\u00e1ctenos - Fibich, Leebron, Copeland & Briggs","description":"Si ha sufrido un accidente, \u00a1hable con un abogado de da\u00f1os personales en Houston de Fibich, Leebron, Copeland & Brigg para una consulta gratis! Servicios en Texas y Luisiana.","robots":{"index":"index","follow":"follow","max-snippet":"max-snippet:-1","max-image-preview":"max-image-preview:large","max-video-preview":"max-video-preview:-1"},"canonical":"https:\/\/fibichlaw.com\/es\/contactenos\/","og_locale":"es_ES","og_type":"article","og_title":"Cont\u00e1ctenos - Fibich, Leebron, Copeland & Briggs","og_description":"Si ha sufrido un accidente, \u00a1hable con un abogado de da\u00f1os personales en Houston de Fibich, Leebron, Copeland & Brigg para una consulta gratis! Servicios en Texas y Luisiana.","og_url":"https:\/\/fibichlaw.com\/es\/contactenos\/","og_site_name":"Fibich Leebron Copeland &amp; Briggs","article_publisher":"https:\/\/www.facebook.com\/fibichleebron\/","article_modified_time":"2023-09-18T07:16:52+00:00","og_image":[{"width":458,"height":326,"url":"https:\/\/fibichlaw.com\/wp-content\/uploads\/2023\/08\/fibich-about-banner-img.jpg","type":"image\/jpeg"}],"twitter_card":"summary_large_image","twitter_site":"@FibichLaw","twitter_misc":{"Tiempo de lectura":"1 minuto"},"schema":{"@context":"https:\/\/schema.org","@graph":[{"@type":"WebPage","@id":"https:\/\/fibichlaw.com\/es\/contactenos\/","url":"https:\/\/fibichlaw.com\/es\/contactenos\/","name":"Cont\u00e1ctenos - Fibich, Leebron, Copeland & Briggs","isPartOf":{"@id":"https:\/\/fibichlaw.com\/es\/#website"},"datePublished":"2023-05-31T15:49:05+00:00","dateModified":"2023-09-18T07:16:52+00:00","description":"Si ha sufrido un accidente, \u00a1hable con un abogado de da\u00f1os personales en Houston de Fibich, Leebron, Copeland & Brigg para una consulta gratis! Servicios en Texas y Luisiana.","breadcrumb":{"@id":"https:\/\/fibichlaw.com\/es\/contactenos\/#breadcrumb"},"inLanguage":"es","potentialAction":[{"@type":"ReadAction","target":["https:\/\/fibichlaw.com\/es\/contactenos\/"]}]},{"@type":"BreadcrumbList","@id":"https:\/\/fibichlaw.com\/es\/contactenos\/#breadcrumb","itemListElement":[{"@type":"ListItem","position":1,"name":"Inicio","item":"https:\/\/fibichlaw.com\/es\/"},{"@type":"ListItem","position":2,"name":"Cont\u00e1ctenos"}]},{"@type":"WebSite","@id":"https:\/\/fibichlaw.com\/es\/#website","url":"https:\/\/fibichlaw.com\/es\/","name":"Fibich Leebron Copeland & Briggs","description":"","publisher":{"@id":"https:\/\/fibichlaw.com\/es\/#organization"},"potentialAction":[{"@type":"SearchAction","target":{"@type":"EntryPoint","urlTemplate":"https:\/\/fibichlaw.com\/es\/?s={search_term_string}"},"query-input":{"@type":"PropertyValueSpecification","valueRequired":true,"valueName":"search_term_string"}}],"inLanguage":"es"},{"@type":"Organization","@id":"https:\/\/fibichlaw.com\/es\/#organization","name":"Fibich Leebron Copeland & Briggs","url":"https:\/\/fibichlaw.com\/es\/","logo":{"@type":"ImageObject","inLanguage":"es","@id":"https:\/\/fibichlaw.com\/es\/#\/schema\/logo\/image\/","url":"https:\/\/fibichlaw.com\/wp-content\/uploads\/2023\/06\/fibich-footer-logo.svg","contentUrl":"https:\/\/fibichlaw.com\/wp-content\/uploads\/2023\/06\/fibich-footer-logo.svg","width":1,"height":1,"caption":"Fibich Leebron Copeland & Briggs"},"image":{"@id":"https:\/\/fibichlaw.com\/es\/#\/schema\/logo\/image\/"},"sameAs":["https:\/\/www.facebook.com\/fibichleebron\/","https:\/\/x.com\/FibichLaw","https:\/\/www.instagram.com\/attorneyerin\/","https:\/\/www.linkedin.com\/company\/fibich-leebron-copeland-briggs-josephson\/","https:\/\/www.youtube.com\/channel\/UCm_MuQE-2IqJmh5zvEc4Mtg"]}]}},"_links":{"self":[{"href":"https:\/\/fibichlaw.com\/es\/wp-json\/wp\/v2\/pages\/194","targetHints":{"allow":["GET"]}}],"collection":[{"href":"https:\/\/fibichlaw.com\/es\/wp-json\/wp\/v2\/pages"}],"about":[{"href":"https:\/\/fibichlaw.com\/es\/wp-json\/wp\/v2\/types\/page"}],"author":[{"embeddable":true,"href":"https:\/\/fibichlaw.com\/es\/wp-json\/wp\/v2\/users\/3"}],"replies":[{"embeddable":true,"href":"https:\/\/fibichlaw.com\/es\/wp-json\/wp\/v2\/comments?post=194"}],"version-history":[{"count":0,"href":"https:\/\/fibichlaw.com\/es\/wp-json\/wp\/v2\/pages\/194\/revisions"}],"wp:attachment":[{"href":"https:\/\/fibichlaw.com\/es\/wp-json\/wp\/v2\/media?parent=194"}],"curies":[{"name":"wp","href":"https:\/\/api.w.org\/{rel}","templated":true}]}}