{"id":202,"date":"2023-06-01T05:45:57","date_gmt":"2023-06-01T05:45:57","guid":{"rendered":"https:\/\/fibichlaw.com\/?page_id=202"},"modified":"2023-09-13T09:45:19","modified_gmt":"2023-09-13T09:45:19","slug":"testimonios","status":"publish","type":"page","link":"https:\/\/fibichlaw.com\/es\/testimonios\/","title":{"rendered":"Testimonios"},"content":{"rendered":"<h2>Testimonios de Clientes<\/h2>\n<p><strong>Lea lo que nuestros clientes anteriores tienen que decir acerca de nosotros.<\/strong><\/p>\n<p>Algunas de estas opiniones pudieron haber sido entradas en otros sitios de web. No estamos afiliados ni patrocinados por estos sitios de web.<\/p>\n","protected":false},"excerpt":{"rendered":"<p>Testimonios de Clientes Lea lo que nuestros clientes anteriores tienen que decir acerca de nosotros. Algunas de estas opiniones pudieron haber sido entradas en otros sitios de web. No estamos afiliados ni patrocinados por estos sitios de web.<\/p>\n","protected":false},"author":3,"featured_media":0,"parent":0,"menu_order":70,"comment_status":"closed","ping_status":"closed","template":"archive-testimonial.php","meta":{"_acf_changed":false,"footnotes":"","_elementor_data":""},"class_list":["post-202","page","type-page","status-publish","hentry"],"acf":[],"page_builder_type":"classic","gutenberg_data":[],"yoast_head":"<!-- This site is optimized with the Yoast SEO plugin v27.3 - https:\/\/yoast.com\/product\/yoast-seo-wordpress\/ -->\n<title>Testimonios - Fibich, Leebron, Copeland &amp; Briggs<\/title>\n<meta name=\"description\" content=\"\u00bfBusca un abogado de da\u00f1os personales de calidad en Houston? No mire m\u00e1s all\u00e1 de Fibich, Leebron, Copeland &amp; Briggs. \u00a1Lea los testimonios de nuestros satisfechos clientes!\" \/>\n<meta name=\"robots\" content=\"index, follow, max-snippet:-1, max-image-preview:large, max-video-preview:-1\" \/>\n<link rel=\"canonical\" href=\"https:\/\/fibichlaw.com\/es\/testimonios\/\" \/>\n<meta property=\"og:locale\" content=\"es_ES\" \/>\n<meta property=\"og:type\" content=\"article\" \/>\n<meta property=\"og:title\" content=\"Testimonios - Fibich, Leebron, Copeland &amp; Briggs\" \/>\n<meta property=\"og:description\" content=\"\u00bfBusca un abogado de da\u00f1os personales de calidad en Houston? No mire m\u00e1s all\u00e1 de Fibich, Leebron, Copeland &amp; Briggs. \u00a1Lea los testimonios de nuestros satisfechos clientes!\" \/>\n<meta property=\"og:url\" content=\"https:\/\/fibichlaw.com\/es\/testimonios\/\" \/>\n<meta property=\"og:site_name\" content=\"Fibich Leebron Copeland &amp; Briggs\" \/>\n<meta property=\"article:publisher\" content=\"https:\/\/www.facebook.com\/fibichleebron\/\" \/>\n<meta property=\"article:modified_time\" content=\"2023-09-13T09:45:19+00:00\" \/>\n<meta property=\"og:image\" content=\"https:\/\/fibichlaw.com\/wp-content\/uploads\/2023\/08\/fibich-about-banner-img.jpg\" \/>\n\t<meta property=\"og:image:width\" content=\"458\" \/>\n\t<meta property=\"og:image:height\" content=\"326\" \/>\n\t<meta property=\"og:image:type\" content=\"image\/jpeg\" \/>\n<meta name=\"twitter:card\" content=\"summary_large_image\" \/>\n<meta name=\"twitter:site\" content=\"@FibichLaw\" \/>\n<meta name=\"twitter:label1\" content=\"Tiempo de lectura\" \/>\n\t<meta name=\"twitter:data1\" content=\"1 minuto\" \/>\n<!-- \/ Yoast SEO plugin. -->","yoast_head_json":{"title":"Testimonios - Fibich, Leebron, Copeland & Briggs","description":"\u00bfBusca un abogado de da\u00f1os personales de calidad en Houston? No mire m\u00e1s all\u00e1 de Fibich, Leebron, Copeland & Briggs. \u00a1Lea los testimonios de nuestros satisfechos clientes!","robots":{"index":"index","follow":"follow","max-snippet":"max-snippet:-1","max-image-preview":"max-image-preview:large","max-video-preview":"max-video-preview:-1"},"canonical":"https:\/\/fibichlaw.com\/es\/testimonios\/","og_locale":"es_ES","og_type":"article","og_title":"Testimonios - Fibich, Leebron, Copeland & Briggs","og_description":"\u00bfBusca un abogado de da\u00f1os personales de calidad en Houston? No mire m\u00e1s all\u00e1 de Fibich, Leebron, Copeland & Briggs. \u00a1Lea los testimonios de nuestros satisfechos clientes!","og_url":"https:\/\/fibichlaw.com\/es\/testimonios\/","og_site_name":"Fibich Leebron Copeland &amp; Briggs","article_publisher":"https:\/\/www.facebook.com\/fibichleebron\/","article_modified_time":"2023-09-13T09:45:19+00:00","og_image":[{"width":458,"height":326,"url":"https:\/\/fibichlaw.com\/wp-content\/uploads\/2023\/08\/fibich-about-banner-img.jpg","type":"image\/jpeg"}],"twitter_card":"summary_large_image","twitter_site":"@FibichLaw","twitter_misc":{"Tiempo de lectura":"1 minuto"},"schema":{"@context":"https:\/\/schema.org","@graph":[{"@type":"WebPage","@id":"https:\/\/fibichlaw.com\/es\/testimonios\/","url":"https:\/\/fibichlaw.com\/es\/testimonios\/","name":"Testimonios - Fibich, Leebron, Copeland & Briggs","isPartOf":{"@id":"https:\/\/fibichlaw.com\/es\/#website"},"datePublished":"2023-06-01T05:45:57+00:00","dateModified":"2023-09-13T09:45:19+00:00","description":"\u00bfBusca un abogado de da\u00f1os personales de calidad en Houston? No mire m\u00e1s all\u00e1 de Fibich, Leebron, Copeland & Briggs. \u00a1Lea los testimonios de nuestros satisfechos clientes!","breadcrumb":{"@id":"https:\/\/fibichlaw.com\/es\/testimonios\/#breadcrumb"},"inLanguage":"es","potentialAction":[{"@type":"ReadAction","target":["https:\/\/fibichlaw.com\/es\/testimonios\/"]}]},{"@type":"BreadcrumbList","@id":"https:\/\/fibichlaw.com\/es\/testimonios\/#breadcrumb","itemListElement":[{"@type":"ListItem","position":1,"name":"Inicio","item":"https:\/\/fibichlaw.com\/es\/"},{"@type":"ListItem","position":2,"name":"Testimonios"}]},{"@type":"WebSite","@id":"https:\/\/fibichlaw.com\/es\/#website","url":"https:\/\/fibichlaw.com\/es\/","name":"Fibich Leebron Copeland & Briggs","description":"","publisher":{"@id":"https:\/\/fibichlaw.com\/es\/#organization"},"potentialAction":[{"@type":"SearchAction","target":{"@type":"EntryPoint","urlTemplate":"https:\/\/fibichlaw.com\/es\/?s={search_term_string}"},"query-input":{"@type":"PropertyValueSpecification","valueRequired":true,"valueName":"search_term_string"}}],"inLanguage":"es"},{"@type":"Organization","@id":"https:\/\/fibichlaw.com\/es\/#organization","name":"Fibich Leebron Copeland & Briggs","url":"https:\/\/fibichlaw.com\/es\/","logo":{"@type":"ImageObject","inLanguage":"es","@id":"https:\/\/fibichlaw.com\/es\/#\/schema\/logo\/image\/","url":"https:\/\/fibichlaw.com\/wp-content\/uploads\/2023\/06\/fibich-footer-logo.svg","contentUrl":"https:\/\/fibichlaw.com\/wp-content\/uploads\/2023\/06\/fibich-footer-logo.svg","width":1,"height":1,"caption":"Fibich Leebron Copeland & Briggs"},"image":{"@id":"https:\/\/fibichlaw.com\/es\/#\/schema\/logo\/image\/"},"sameAs":["https:\/\/www.facebook.com\/fibichleebron\/","https:\/\/x.com\/FibichLaw","https:\/\/www.instagram.com\/attorneyerin\/","https:\/\/www.linkedin.com\/company\/fibich-leebron-copeland-briggs-josephson\/","https:\/\/www.youtube.com\/channel\/UCm_MuQE-2IqJmh5zvEc4Mtg"]}]}},"_links":{"self":[{"href":"https:\/\/fibichlaw.com\/es\/wp-json\/wp\/v2\/pages\/202","targetHints":{"allow":["GET"]}}],"collection":[{"href":"https:\/\/fibichlaw.com\/es\/wp-json\/wp\/v2\/pages"}],"about":[{"href":"https:\/\/fibichlaw.com\/es\/wp-json\/wp\/v2\/types\/page"}],"author":[{"embeddable":true,"href":"https:\/\/fibichlaw.com\/es\/wp-json\/wp\/v2\/users\/3"}],"replies":[{"embeddable":true,"href":"https:\/\/fibichlaw.com\/es\/wp-json\/wp\/v2\/comments?post=202"}],"version-history":[{"count":0,"href":"https:\/\/fibichlaw.com\/es\/wp-json\/wp\/v2\/pages\/202\/revisions"}],"wp:attachment":[{"href":"https:\/\/fibichlaw.com\/es\/wp-json\/wp\/v2\/media?parent=202"}],"curies":[{"name":"wp","href":"https:\/\/api.w.org\/{rel}","templated":true}]}}