{"id":209,"date":"2023-05-31T15:52:18","date_gmt":"2023-05-31T15:52:18","guid":{"rendered":"https:\/\/fibichlaw.com\/?page_id=209"},"modified":"2023-09-27T03:53:42","modified_gmt":"2023-09-27T03:53:42","slug":"consulta-gratis-de-caso","status":"publish","type":"page","link":"https:\/\/fibichlaw.com\/es\/consulta-gratis-de-caso\/","title":{"rendered":"Consulta Grat\u00eds de Caso"},"content":{"rendered":"<p>Si usted o un ser querido ha sido herido, o sus derechos han sido violados, es importante hablar con un abogado inmediatamente. En Fibich, Leebron, Copeland y Briggs, nos apasiona la defensa de nuestros clientes. Representando con \u00e9xito sus intereses y protegiendo sus derechos son nuestras prioridades principales. La filosof\u00eda de nuestro bufete se \u200b\u200bcentra en los ideales de la experiencia, el compromiso y la \u00e9tica.<\/p>\n<p>Le animamos a ponerse en contacto con nuestro equipo tan pronto como sea posible. En conjunto, nuestros abogados altamente calificados tienen m\u00e1s de un siglo de experiencia. Estamos en condiciones de ofrecer servicio eficaz, dedicado, y bien informado para nuestros clientes. Comience el proceso de asegurar la representaci\u00f3n legal que se merece al programar una consulta con nuestros abogados.<\/p>\n<h2>Representaci\u00f3n Dedicada en el sur de Texas y Luisiana<\/h2>\n<p>Nuestro equipo dedicado y apasionado ofrece una consulta inicial gratuita, que permite el que los clientes potenciales conozcan el bufete y reciban perspectivas profesionales de sus casos. Esto tambi\u00e9n nos permite la oportunidad de determinar si acept\u00e1ramos o no un caso. Le invitamos a llenar el formulario a continuaci\u00f3n para comenzar.<\/p>\n","protected":false},"excerpt":{"rendered":"<p>Si usted o un ser querido ha sido herido, o sus derechos han sido violados, es importante hablar con un abogado inmediatamente. En Fibich, Leebron, Copeland y Briggs, nos apasiona la defensa de nuestros clientes. Representando con \u00e9xito sus intereses y protegiendo sus derechos son nuestras prioridades principales. La filosof\u00eda de nuestro bufete se \u200b\u200bcentra&#8230;<\/p>\n","protected":false},"author":3,"featured_media":15777,"parent":0,"menu_order":61,"comment_status":"closed","ping_status":"closed","template":"template-spanish-contact.php","meta":{"_acf_changed":false,"footnotes":"","_elementor_data":""},"class_list":["post-209","page","type-page","status-publish","has-post-thumbnail","hentry"],"acf":[],"page_builder_type":"classic","gutenberg_data":[],"yoast_head":"<!-- This site is optimized with the Yoast SEO plugin v27.3 - https:\/\/yoast.com\/product\/yoast-seo-wordpress\/ -->\n<title>Consulta Gratis De Caso - Abogados En Houston<\/title>\n<meta name=\"description\" content=\"Contacte nuestro equipo en Fibich, Leebron, Copeland y Briggs para una consulta gratuita de su caso con nuestros abogados de Houston y Luisiana.\" \/>\n<meta name=\"robots\" content=\"index, follow, max-snippet:-1, max-image-preview:large, max-video-preview:-1\" \/>\n<link rel=\"canonical\" href=\"https:\/\/fibichlaw.com\/es\/consulta-gratis-de-caso\/\" \/>\n<meta property=\"og:locale\" content=\"es_ES\" \/>\n<meta property=\"og:type\" content=\"article\" \/>\n<meta property=\"og:title\" content=\"Consulta Gratis De Caso - Abogados En Houston\" \/>\n<meta property=\"og:description\" content=\"Contacte nuestro equipo en Fibich, Leebron, Copeland y Briggs para una consulta gratuita de su caso con nuestros abogados de Houston y Luisiana.\" \/>\n<meta property=\"og:url\" content=\"https:\/\/fibichlaw.com\/es\/consulta-gratis-de-caso\/\" \/>\n<meta property=\"og:site_name\" content=\"Fibich Leebron Copeland &amp; Briggs\" \/>\n<meta property=\"article:publisher\" content=\"https:\/\/www.facebook.com\/fibichleebron\/\" \/>\n<meta property=\"article:modified_time\" content=\"2023-09-27T03:53:42+00:00\" \/>\n<meta property=\"og:image\" content=\"https:\/\/fibichlaw.com\/wp-content\/uploads\/2023\/09\/Programe-su-consulta-gratuita-de-su-caso-feat-img.jpg\" \/>\n\t<meta property=\"og:image:width\" content=\"930\" \/>\n\t<meta property=\"og:image:height\" content=\"320\" \/>\n\t<meta property=\"og:image:type\" content=\"image\/jpeg\" \/>\n<meta name=\"twitter:card\" content=\"summary_large_image\" \/>\n<meta name=\"twitter:site\" content=\"@FibichLaw\" \/>\n<meta name=\"twitter:label1\" content=\"Tiempo de lectura\" \/>\n\t<meta name=\"twitter:data1\" content=\"1 minuto\" \/>\n<!-- \/ Yoast SEO plugin. -->","yoast_head_json":{"title":"Consulta Gratis De Caso - Abogados En Houston","description":"Contacte nuestro equipo en Fibich, Leebron, Copeland y Briggs para una consulta gratuita de su caso con nuestros abogados de Houston y Luisiana.","robots":{"index":"index","follow":"follow","max-snippet":"max-snippet:-1","max-image-preview":"max-image-preview:large","max-video-preview":"max-video-preview:-1"},"canonical":"https:\/\/fibichlaw.com\/es\/consulta-gratis-de-caso\/","og_locale":"es_ES","og_type":"article","og_title":"Consulta Gratis De Caso - Abogados En Houston","og_description":"Contacte nuestro equipo en Fibich, Leebron, Copeland y Briggs para una consulta gratuita de su caso con nuestros abogados de Houston y Luisiana.","og_url":"https:\/\/fibichlaw.com\/es\/consulta-gratis-de-caso\/","og_site_name":"Fibich Leebron Copeland &amp; Briggs","article_publisher":"https:\/\/www.facebook.com\/fibichleebron\/","article_modified_time":"2023-09-27T03:53:42+00:00","og_image":[{"width":930,"height":320,"url":"https:\/\/fibichlaw.com\/wp-content\/uploads\/2023\/09\/Programe-su-consulta-gratuita-de-su-caso-feat-img.jpg","type":"image\/jpeg"}],"twitter_card":"summary_large_image","twitter_site":"@FibichLaw","twitter_misc":{"Tiempo de lectura":"1 minuto"},"schema":{"@context":"https:\/\/schema.org","@graph":[{"@type":"WebPage","@id":"https:\/\/fibichlaw.com\/es\/consulta-gratis-de-caso\/","url":"https:\/\/fibichlaw.com\/es\/consulta-gratis-de-caso\/","name":"Consulta Gratis De Caso - Abogados En Houston","isPartOf":{"@id":"https:\/\/fibichlaw.com\/es\/#website"},"primaryImageOfPage":{"@id":"https:\/\/fibichlaw.com\/es\/consulta-gratis-de-caso\/#primaryimage"},"image":{"@id":"https:\/\/fibichlaw.com\/es\/consulta-gratis-de-caso\/#primaryimage"},"thumbnailUrl":"https:\/\/fibichlaw.com\/wp-content\/uploads\/2023\/09\/Programe-su-consulta-gratuita-de-su-caso-feat-img.jpg","datePublished":"2023-05-31T15:52:18+00:00","dateModified":"2023-09-27T03:53:42+00:00","description":"Contacte nuestro equipo en Fibich, Leebron, Copeland y Briggs para una consulta gratuita de su caso con nuestros abogados de Houston y Luisiana.","breadcrumb":{"@id":"https:\/\/fibichlaw.com\/es\/consulta-gratis-de-caso\/#breadcrumb"},"inLanguage":"es","potentialAction":[{"@type":"ReadAction","target":["https:\/\/fibichlaw.com\/es\/consulta-gratis-de-caso\/"]}]},{"@type":"ImageObject","inLanguage":"es","@id":"https:\/\/fibichlaw.com\/es\/consulta-gratis-de-caso\/#primaryimage","url":"https:\/\/fibichlaw.com\/wp-content\/uploads\/2023\/09\/Programe-su-consulta-gratuita-de-su-caso-feat-img.jpg","contentUrl":"https:\/\/fibichlaw.com\/wp-content\/uploads\/2023\/09\/Programe-su-consulta-gratuita-de-su-caso-feat-img.jpg","width":930,"height":320},{"@type":"BreadcrumbList","@id":"https:\/\/fibichlaw.com\/es\/consulta-gratis-de-caso\/#breadcrumb","itemListElement":[{"@type":"ListItem","position":1,"name":"Inicio","item":"https:\/\/fibichlaw.com\/es\/"},{"@type":"ListItem","position":2,"name":"Consulta Grat\u00eds de Caso"}]},{"@type":"WebSite","@id":"https:\/\/fibichlaw.com\/es\/#website","url":"https:\/\/fibichlaw.com\/es\/","name":"Fibich Leebron Copeland & Briggs","description":"","publisher":{"@id":"https:\/\/fibichlaw.com\/es\/#organization"},"potentialAction":[{"@type":"SearchAction","target":{"@type":"EntryPoint","urlTemplate":"https:\/\/fibichlaw.com\/es\/?s={search_term_string}"},"query-input":{"@type":"PropertyValueSpecification","valueRequired":true,"valueName":"search_term_string"}}],"inLanguage":"es"},{"@type":"Organization","@id":"https:\/\/fibichlaw.com\/es\/#organization","name":"Fibich Leebron Copeland & Briggs","url":"https:\/\/fibichlaw.com\/es\/","logo":{"@type":"ImageObject","inLanguage":"es","@id":"https:\/\/fibichlaw.com\/es\/#\/schema\/logo\/image\/","url":"https:\/\/fibichlaw.com\/wp-content\/uploads\/2023\/06\/fibich-footer-logo.svg","contentUrl":"https:\/\/fibichlaw.com\/wp-content\/uploads\/2023\/06\/fibich-footer-logo.svg","width":1,"height":1,"caption":"Fibich Leebron Copeland & Briggs"},"image":{"@id":"https:\/\/fibichlaw.com\/es\/#\/schema\/logo\/image\/"},"sameAs":["https:\/\/www.facebook.com\/fibichleebron\/","https:\/\/x.com\/FibichLaw","https:\/\/www.instagram.com\/attorneyerin\/","https:\/\/www.linkedin.com\/company\/fibich-leebron-copeland-briggs-josephson\/","https:\/\/www.youtube.com\/channel\/UCm_MuQE-2IqJmh5zvEc4Mtg"]}]}},"_links":{"self":[{"href":"https:\/\/fibichlaw.com\/es\/wp-json\/wp\/v2\/pages\/209","targetHints":{"allow":["GET"]}}],"collection":[{"href":"https:\/\/fibichlaw.com\/es\/wp-json\/wp\/v2\/pages"}],"about":[{"href":"https:\/\/fibichlaw.com\/es\/wp-json\/wp\/v2\/types\/page"}],"author":[{"embeddable":true,"href":"https:\/\/fibichlaw.com\/es\/wp-json\/wp\/v2\/users\/3"}],"replies":[{"embeddable":true,"href":"https:\/\/fibichlaw.com\/es\/wp-json\/wp\/v2\/comments?post=209"}],"version-history":[{"count":0,"href":"https:\/\/fibichlaw.com\/es\/wp-json\/wp\/v2\/pages\/209\/revisions"}],"wp:featuredmedia":[{"embeddable":true,"href":"https:\/\/fibichlaw.com\/es\/wp-json\/wp\/v2\/media\/15777"}],"wp:attachment":[{"href":"https:\/\/fibichlaw.com\/es\/wp-json\/wp\/v2\/media?parent=209"}],"curies":[{"name":"wp","href":"https:\/\/api.w.org\/{rel}","templated":true}]}}