{"id":216,"date":"2023-05-31T15:52:37","date_gmt":"2023-05-31T15:52:37","guid":{"rendered":"https:\/\/fibichlaw.com\/?page_id=216"},"modified":"2023-09-21T07:55:26","modified_gmt":"2023-09-21T07:55:26","slug":"nuestros-premios","status":"publish","type":"page","link":"https:\/\/fibichlaw.com\/es\/nuestros-premios\/","title":{"rendered":"Nuestros Premios"},"content":{"rendered":"<h2>Premios de Nuestro Bufete<\/h2>\n<h3>Abogados en Galveston, Houston, el sur de Texas, y Luisiana<\/h3>\n<p>No hay duda de que nuestra mayor fuente de orgullo y confianza en Fibich, Leebron, Copeland y Briggs est\u00e1 en nuestro historial de \u00e9xito ayudando a nuestros clientes a proteger sus derechos e intereses. Como un bufete de abogados centrado al cliente, los hombres y mujeres que representamos siempre vienen primero. Protegiendo sus derechos y ganando sus casos es nuestro objetivo.<\/p>\n<p>Estamos muy agradecidos por el reconocimiento de nuestros pares que nuestro bufete ha seguido recibiendo. La mayor parte de nuestros abogados son especialistas certificados en sus campos. Por esta raz\u00f3n, somos una voz poderosa para demandantes en Houston, Galveston, el sur de Texas y Luisiana. Nuestras calificaciones dan confianza a nuestros clientes y nos permiten levantarnos en su nombre contra las compa\u00f1\u00edas y empresas de seguro con mucho dinero.<\/p>\n<h2>Los Muchos Honores y Galardones de Nuestro Equipo Legal<\/h2>\n<p>Nuestros abogados, incluyendo nuestro socio fundador Tommy Fibich, han recibido muchos elogios en la industria, incluyendo:<\/p>\n<ul>\n<li>La membres\u00eda en el\u00a0<strong>Million Dollar Advocates Forum \u00ae,<\/strong>\u00a0un grupo muy exclusivo con membres\u00eda reservada para abogados que han ganado casos valorados en un mill\u00f3n de d\u00f3lares o m\u00e1s en nombre de sus clientes<\/li>\n<li>La membres\u00eda en el\u00a0<strong>Multi-Million Dollar Advocates Forum \u00ae,<\/strong>\u00a0una organizaci\u00f3n legal exclusiva con un limitado n\u00famero de miembros de abogados que han obtenido veredictos y acuerdos de m\u00e1s de dos millones de d\u00f3lares en nombre de sus clientes<\/li>\n<li>La inclusi\u00f3n repetida en la lista de\u00a0<strong><em>Texas<\/em>\u00a0<em>Super<\/em>\u00a0<em>Lawyers<\/em>\u00a0<\/strong>\u00ae durante muchos a\u00f1os<\/li>\n<li>Certificaci\u00f3n de la\u00a0<strong>Junta de Especializaci\u00f3n Legal de Texas<\/strong>\u00a0para la mayor\u00eda de nuestros abogados<\/li>\n<\/ul>\n<p><strong>Conozca m\u00e1s acerca de nuestro equipo legal altamente valorado cuando<\/strong>\u00a0<a href=\"https:\/\/fibichlaw.com\/es\/contactenos\/\"><strong>contacte nuestra oficina<\/strong><\/a>\u00a0<strong>en Houston, o programe una<\/strong>\u00a0<a href=\"https:\/\/fibichlaw.com\/es\/consulta-gratis-de-caso\/\"><strong>consulta gratuita<\/strong><\/a>\u00a0<strong>de su caso ahora mismo.<\/strong><\/p>\n","protected":false},"excerpt":{"rendered":"<p>Premios de Nuestro Bufete Abogados en Galveston, Houston, el sur de Texas, y Luisiana No hay duda de que nuestra mayor fuente de orgullo y confianza en Fibich, Leebron, Copeland y Briggs est\u00e1 en nuestro historial de \u00e9xito ayudando a nuestros clientes a proteger sus derechos e intereses. Como un bufete de abogados centrado al&#8230;<\/p>\n","protected":false},"author":3,"featured_media":0,"parent":0,"menu_order":60,"comment_status":"closed","ping_status":"closed","template":"","meta":{"_acf_changed":false,"footnotes":"","_elementor_data":""},"class_list":["post-216","page","type-page","status-publish","hentry"],"acf":[],"page_builder_type":"classic","gutenberg_data":[],"yoast_head":"<!-- This site is optimized with the Yoast SEO plugin v27.3 - https:\/\/yoast.com\/product\/yoast-seo-wordpress\/ -->\n<title>Nuestros Premios - Fibich, Leebron, Copeland Y Briggs<\/title>\n<meta name=\"description\" content=\"Vea los premios que nuestros abogados de Houston han ganado en Fibich, Leebron, Copeland y Briggs. \u00a1Llame hoy para una consulta gratuita!\" \/>\n<meta name=\"robots\" content=\"index, follow, max-snippet:-1, max-image-preview:large, max-video-preview:-1\" \/>\n<link rel=\"canonical\" href=\"https:\/\/fibichlaw.com\/es\/nuestros-premios\/\" \/>\n<meta property=\"og:locale\" content=\"es_ES\" \/>\n<meta property=\"og:type\" content=\"article\" \/>\n<meta property=\"og:title\" content=\"Nuestros Premios - Fibich, Leebron, Copeland Y Briggs\" \/>\n<meta property=\"og:description\" content=\"Vea los premios que nuestros abogados de Houston han ganado en Fibich, Leebron, Copeland y Briggs. \u00a1Llame hoy para una consulta gratuita!\" \/>\n<meta property=\"og:url\" content=\"https:\/\/fibichlaw.com\/es\/nuestros-premios\/\" \/>\n<meta property=\"og:site_name\" content=\"Fibich Leebron Copeland &amp; Briggs\" \/>\n<meta property=\"article:publisher\" content=\"https:\/\/www.facebook.com\/fibichleebron\/\" \/>\n<meta property=\"article:modified_time\" content=\"2023-09-21T07:55:26+00:00\" \/>\n<meta property=\"og:image\" content=\"https:\/\/fibichlaw.com\/wp-content\/uploads\/2023\/08\/fibich-about-banner-img.jpg\" \/>\n\t<meta property=\"og:image:width\" content=\"458\" \/>\n\t<meta property=\"og:image:height\" content=\"326\" \/>\n\t<meta property=\"og:image:type\" content=\"image\/jpeg\" \/>\n<meta name=\"twitter:card\" content=\"summary_large_image\" \/>\n<meta name=\"twitter:site\" content=\"@FibichLaw\" \/>\n<meta name=\"twitter:label1\" content=\"Tiempo de lectura\" \/>\n\t<meta name=\"twitter:data1\" content=\"2 minutos\" \/>\n<!-- \/ Yoast SEO plugin. -->","yoast_head_json":{"title":"Nuestros Premios - Fibich, Leebron, Copeland Y Briggs","description":"Vea los premios que nuestros abogados de Houston han ganado en Fibich, Leebron, Copeland y Briggs. \u00a1Llame hoy para una consulta gratuita!","robots":{"index":"index","follow":"follow","max-snippet":"max-snippet:-1","max-image-preview":"max-image-preview:large","max-video-preview":"max-video-preview:-1"},"canonical":"https:\/\/fibichlaw.com\/es\/nuestros-premios\/","og_locale":"es_ES","og_type":"article","og_title":"Nuestros Premios - Fibich, Leebron, Copeland Y Briggs","og_description":"Vea los premios que nuestros abogados de Houston han ganado en Fibich, Leebron, Copeland y Briggs. \u00a1Llame hoy para una consulta gratuita!","og_url":"https:\/\/fibichlaw.com\/es\/nuestros-premios\/","og_site_name":"Fibich Leebron Copeland &amp; Briggs","article_publisher":"https:\/\/www.facebook.com\/fibichleebron\/","article_modified_time":"2023-09-21T07:55:26+00:00","og_image":[{"width":458,"height":326,"url":"https:\/\/fibichlaw.com\/wp-content\/uploads\/2023\/08\/fibich-about-banner-img.jpg","type":"image\/jpeg"}],"twitter_card":"summary_large_image","twitter_site":"@FibichLaw","twitter_misc":{"Tiempo de lectura":"2 minutos"},"schema":{"@context":"https:\/\/schema.org","@graph":[{"@type":"WebPage","@id":"https:\/\/fibichlaw.com\/es\/nuestros-premios\/","url":"https:\/\/fibichlaw.com\/es\/nuestros-premios\/","name":"Nuestros Premios - Fibich, Leebron, Copeland Y Briggs","isPartOf":{"@id":"https:\/\/fibichlaw.com\/es\/#website"},"datePublished":"2023-05-31T15:52:37+00:00","dateModified":"2023-09-21T07:55:26+00:00","description":"Vea los premios que nuestros abogados de Houston han ganado en Fibich, Leebron, Copeland y Briggs. \u00a1Llame hoy para una consulta gratuita!","breadcrumb":{"@id":"https:\/\/fibichlaw.com\/es\/nuestros-premios\/#breadcrumb"},"inLanguage":"es","potentialAction":[{"@type":"ReadAction","target":["https:\/\/fibichlaw.com\/es\/nuestros-premios\/"]}]},{"@type":"BreadcrumbList","@id":"https:\/\/fibichlaw.com\/es\/nuestros-premios\/#breadcrumb","itemListElement":[{"@type":"ListItem","position":1,"name":"Inicio","item":"https:\/\/fibichlaw.com\/es\/"},{"@type":"ListItem","position":2,"name":"Nuestros Premios"}]},{"@type":"WebSite","@id":"https:\/\/fibichlaw.com\/es\/#website","url":"https:\/\/fibichlaw.com\/es\/","name":"Fibich Leebron Copeland & Briggs","description":"","publisher":{"@id":"https:\/\/fibichlaw.com\/es\/#organization"},"potentialAction":[{"@type":"SearchAction","target":{"@type":"EntryPoint","urlTemplate":"https:\/\/fibichlaw.com\/es\/?s={search_term_string}"},"query-input":{"@type":"PropertyValueSpecification","valueRequired":true,"valueName":"search_term_string"}}],"inLanguage":"es"},{"@type":"Organization","@id":"https:\/\/fibichlaw.com\/es\/#organization","name":"Fibich Leebron Copeland & Briggs","url":"https:\/\/fibichlaw.com\/es\/","logo":{"@type":"ImageObject","inLanguage":"es","@id":"https:\/\/fibichlaw.com\/es\/#\/schema\/logo\/image\/","url":"https:\/\/fibichlaw.com\/wp-content\/uploads\/2023\/06\/fibich-footer-logo.svg","contentUrl":"https:\/\/fibichlaw.com\/wp-content\/uploads\/2023\/06\/fibich-footer-logo.svg","width":1,"height":1,"caption":"Fibich Leebron Copeland & Briggs"},"image":{"@id":"https:\/\/fibichlaw.com\/es\/#\/schema\/logo\/image\/"},"sameAs":["https:\/\/www.facebook.com\/fibichleebron\/","https:\/\/x.com\/FibichLaw","https:\/\/www.instagram.com\/attorneyerin\/","https:\/\/www.linkedin.com\/company\/fibich-leebron-copeland-briggs-josephson\/","https:\/\/www.youtube.com\/channel\/UCm_MuQE-2IqJmh5zvEc4Mtg"]}]}},"_links":{"self":[{"href":"https:\/\/fibichlaw.com\/es\/wp-json\/wp\/v2\/pages\/216","targetHints":{"allow":["GET"]}}],"collection":[{"href":"https:\/\/fibichlaw.com\/es\/wp-json\/wp\/v2\/pages"}],"about":[{"href":"https:\/\/fibichlaw.com\/es\/wp-json\/wp\/v2\/types\/page"}],"author":[{"embeddable":true,"href":"https:\/\/fibichlaw.com\/es\/wp-json\/wp\/v2\/users\/3"}],"replies":[{"embeddable":true,"href":"https:\/\/fibichlaw.com\/es\/wp-json\/wp\/v2\/comments?post=216"}],"version-history":[{"count":0,"href":"https:\/\/fibichlaw.com\/es\/wp-json\/wp\/v2\/pages\/216\/revisions"}],"wp:attachment":[{"href":"https:\/\/fibichlaw.com\/es\/wp-json\/wp\/v2\/media?parent=216"}],"curies":[{"name":"wp","href":"https:\/\/api.w.org\/{rel}","templated":true}]}}