{"id":223,"date":"2023-05-31T15:52:50","date_gmt":"2023-05-31T15:52:50","guid":{"rendered":"https:\/\/fibichlaw.com\/?page_id=223"},"modified":"2023-09-21T05:58:49","modified_gmt":"2023-09-21T05:58:49","slug":"la-experiencia-importa","status":"publish","type":"page","link":"https:\/\/fibichlaw.com\/es\/la-experiencia-importa\/","title":{"rendered":"La Experiencia Importa"},"content":{"rendered":"<h2>Aprenda Por Que la Experiencia Importa<\/h2>\n<h3>\u00bfEsta su abogado calificado para defenderlo?<\/h3>\n<p>En todas las industrias, la experiencia y el \u00e9xito van de la mano. Usted no elegir\u00eda un m\u00e9dico inexperto o votar\u00eda por un pol\u00edtico que no ten\u00eda ninguna calificaci\u00f3n. Del mismo sentido, \u00bfcontratar\u00eda a un abogado para que lo representara, y para luchar por sus derechos e intereses, que no estaba preparado para protegerlo agresivamente, integralmente, y sucesivamente?<\/p>\n<p>En Fibich, Leebron, Copeland y Briggs, creemos que cada demandante merece la representaci\u00f3n legal de alta calidad \u2013 el tipo que hemos estado ofreciendo a clientes desde que nuestro bufete se \u200b\u200bform\u00f3 en 1992. Utilizamos nuestro conocimiento en cada caso que manejamos porque cuando se trata de obtener resultados, creemos que el objetivo es trabajar incansablemente en nuestra b\u00fasqueda de la justicia.<\/p>\n<h2>Cuando se trata de la defensa legal, la experiencia cuenta.<\/h2>\n<p>Nuestros clientes saben que les ofrecemos representaci\u00f3n matizada y de primera categor\u00eda en los casos dif\u00edciles \u2013 exactamente lo que nuestro bufete fue fundado para ofrecer. Sin excepci\u00f3n, nuestros abogados est\u00e1n altamente cualificados con impresionantes listas individuales de cualificaci\u00f3n. En conjunto, formamos una fuerza poderosa para los demandantes con m\u00e1s de 100 a\u00f1os de experiencia.<\/p>\n<p><strong>Atendemos una amplia gama de casos, incluyendo:<\/strong><\/p>\n<ul>\n<li><a href=\"https:\/\/fibichlaw.com\/es\/areas-de-practica\/lesion-personal\/\">Lesi\u00f3n personal<\/a><\/li>\n<li><a href=\"https:\/\/fibichlaw.com\/es\/areas-de-practica\/lesiones-de-campos-petroleros\/\">Lesiones de campos petroleros<\/a><\/li>\n<li><a href=\"https:\/\/fibichlaw.com\/es\/areas-de-practica\/responsibilidad-de-producto\/\">Responsabilidad de producto<\/a><\/li>\n<li><a href=\"https:\/\/fibichlaw.com\/es\/areas-de-practica\/explosiones-e-incendios\/\">Incendios y explosiones<\/a><\/li>\n<li>Casos de contaminaci\u00f3n<\/li>\n<li>Denunciante \/ Qui tam<\/li>\n<li><a href=\"https:\/\/fibichlaw.com\/es\/areas-de-practica\/disputas-de-negocio\/\">Disputas de negocio<\/a><\/li>\n<li><a href=\"https:\/\/fibichlaw.com\/es\/areas-de-practica\/dominio-eminente\/\">Dominio eminente<\/a><\/li>\n<li><a href=\"https:\/\/fibichlaw.com\/es\/areas-de-practica\/acciones-de-clase-de-consumidores\/\">Acciones de clase del consumidor<\/a><\/li>\n<\/ul>\n<h2>Trabaje con nuestros abogados. Servimos a Houston, el sur de Texas, Luisiana, y Galveston.<\/h2>\n<p><strong>Nuestra experiencia se extiende por d\u00e9cadas y generaciones de abogados. Trabajando en equipo, ponemos nuestra experiencia en conjunto para beneficiar a<\/strong> nuestros clientes. No somos un bufete que corta las esquinas: Nuestros clientes siempre vienen primero para nosotros.<\/p>\n<p>Si usted ha sido lesionado en un accidente de veh\u00edculo de motor, sufri\u00f3 una lesi\u00f3n en el trabajo, ha sido herido por la negligencia de una gran empresa, o necesita ayuda en una disputa de negocios, estamos dispuestos a estar a su lado y servir como sus abogados fuertes durante este tiempo. En Fibich, Leebron, Copeland y Briggs, servimos a clientes en todo Houston, Galveston, el sur de Texas y Luisiana.<\/p>\n<p><a href=\"https:\/\/fibichlaw.com\/es\/contactenos\/\"><strong>Llame a nuestros abogados<\/strong><\/a>\u00a0<strong>o programe una<\/strong>\u00a0<a href=\"https:\/\/fibichlaw.com\/es\/consulta-gratis-de-caso\/\"><strong>consulta gratis<\/strong><\/a>\u00a0<strong>hoy.<\/strong><\/p>\n","protected":false},"excerpt":{"rendered":"<p>Aprenda Por Que la Experiencia Importa \u00bfEsta su abogado calificado para defenderlo? En todas las industrias, la experiencia y el \u00e9xito van de la mano. Usted no elegir\u00eda un m\u00e9dico inexperto o votar\u00eda por un pol\u00edtico que no ten\u00eda ninguna calificaci\u00f3n. Del mismo sentido, \u00bfcontratar\u00eda a un abogado para que lo representara, y para luchar&#8230;<\/p>\n","protected":false},"author":3,"featured_media":0,"parent":0,"menu_order":58,"comment_status":"closed","ping_status":"closed","template":"","meta":{"_acf_changed":false,"footnotes":"","_elementor_data":""},"class_list":["post-223","page","type-page","status-publish","hentry"],"acf":[],"page_builder_type":"classic","gutenberg_data":[],"yoast_head":"<!-- This site is optimized with the Yoast SEO plugin v27.3 - https:\/\/yoast.com\/product\/yoast-seo-wordpress\/ -->\n<title>La Experiencia Importa - Abogados En Houston<\/title>\n<meta name=\"description\" content=\"Cuando se trata de la representaci\u00f3n legal, la experiencia importa. Llame a nuestros abogados de Houston en Fibich, Leebron, Copeland y Briggs.\" \/>\n<meta name=\"robots\" content=\"index, follow, max-snippet:-1, max-image-preview:large, max-video-preview:-1\" \/>\n<link rel=\"canonical\" href=\"https:\/\/fibichlaw.com\/es\/la-experiencia-importa\/\" \/>\n<meta property=\"og:locale\" content=\"es_ES\" \/>\n<meta property=\"og:type\" content=\"article\" \/>\n<meta property=\"og:title\" content=\"La Experiencia Importa - Abogados En Houston\" \/>\n<meta property=\"og:description\" content=\"Cuando se trata de la representaci\u00f3n legal, la experiencia importa. Llame a nuestros abogados de Houston en Fibich, Leebron, Copeland y Briggs.\" \/>\n<meta property=\"og:url\" content=\"https:\/\/fibichlaw.com\/es\/la-experiencia-importa\/\" \/>\n<meta property=\"og:site_name\" content=\"Fibich Leebron Copeland &amp; Briggs\" \/>\n<meta property=\"article:publisher\" content=\"https:\/\/www.facebook.com\/fibichleebron\/\" \/>\n<meta property=\"article:modified_time\" content=\"2023-09-21T05:58:49+00:00\" \/>\n<meta property=\"og:image\" content=\"https:\/\/fibichlaw.com\/wp-content\/uploads\/2023\/08\/fibich-about-banner-img.jpg\" \/>\n\t<meta property=\"og:image:width\" content=\"458\" \/>\n\t<meta property=\"og:image:height\" content=\"326\" \/>\n\t<meta property=\"og:image:type\" content=\"image\/jpeg\" \/>\n<meta name=\"twitter:card\" content=\"summary_large_image\" \/>\n<meta name=\"twitter:site\" content=\"@FibichLaw\" \/>\n<meta name=\"twitter:label1\" content=\"Tiempo de lectura\" \/>\n\t<meta name=\"twitter:data1\" content=\"2 minutos\" \/>\n<!-- \/ Yoast SEO plugin. -->","yoast_head_json":{"title":"La Experiencia Importa - Abogados En Houston","description":"Cuando se trata de la representaci\u00f3n legal, la experiencia importa. Llame a nuestros abogados de Houston en Fibich, Leebron, Copeland y Briggs.","robots":{"index":"index","follow":"follow","max-snippet":"max-snippet:-1","max-image-preview":"max-image-preview:large","max-video-preview":"max-video-preview:-1"},"canonical":"https:\/\/fibichlaw.com\/es\/la-experiencia-importa\/","og_locale":"es_ES","og_type":"article","og_title":"La Experiencia Importa - Abogados En Houston","og_description":"Cuando se trata de la representaci\u00f3n legal, la experiencia importa. Llame a nuestros abogados de Houston en Fibich, Leebron, Copeland y Briggs.","og_url":"https:\/\/fibichlaw.com\/es\/la-experiencia-importa\/","og_site_name":"Fibich Leebron Copeland &amp; Briggs","article_publisher":"https:\/\/www.facebook.com\/fibichleebron\/","article_modified_time":"2023-09-21T05:58:49+00:00","og_image":[{"width":458,"height":326,"url":"https:\/\/fibichlaw.com\/wp-content\/uploads\/2023\/08\/fibich-about-banner-img.jpg","type":"image\/jpeg"}],"twitter_card":"summary_large_image","twitter_site":"@FibichLaw","twitter_misc":{"Tiempo de lectura":"2 minutos"},"schema":{"@context":"https:\/\/schema.org","@graph":[{"@type":"WebPage","@id":"https:\/\/fibichlaw.com\/es\/la-experiencia-importa\/","url":"https:\/\/fibichlaw.com\/es\/la-experiencia-importa\/","name":"La Experiencia Importa - Abogados En Houston","isPartOf":{"@id":"https:\/\/fibichlaw.com\/es\/#website"},"datePublished":"2023-05-31T15:52:50+00:00","dateModified":"2023-09-21T05:58:49+00:00","description":"Cuando se trata de la representaci\u00f3n legal, la experiencia importa. Llame a nuestros abogados de Houston en Fibich, Leebron, Copeland y Briggs.","breadcrumb":{"@id":"https:\/\/fibichlaw.com\/es\/la-experiencia-importa\/#breadcrumb"},"inLanguage":"es","potentialAction":[{"@type":"ReadAction","target":["https:\/\/fibichlaw.com\/es\/la-experiencia-importa\/"]}]},{"@type":"BreadcrumbList","@id":"https:\/\/fibichlaw.com\/es\/la-experiencia-importa\/#breadcrumb","itemListElement":[{"@type":"ListItem","position":1,"name":"Inicio","item":"https:\/\/fibichlaw.com\/es\/"},{"@type":"ListItem","position":2,"name":"La Experiencia Importa"}]},{"@type":"WebSite","@id":"https:\/\/fibichlaw.com\/es\/#website","url":"https:\/\/fibichlaw.com\/es\/","name":"Fibich Leebron Copeland & Briggs","description":"","publisher":{"@id":"https:\/\/fibichlaw.com\/es\/#organization"},"potentialAction":[{"@type":"SearchAction","target":{"@type":"EntryPoint","urlTemplate":"https:\/\/fibichlaw.com\/es\/?s={search_term_string}"},"query-input":{"@type":"PropertyValueSpecification","valueRequired":true,"valueName":"search_term_string"}}],"inLanguage":"es"},{"@type":"Organization","@id":"https:\/\/fibichlaw.com\/es\/#organization","name":"Fibich Leebron Copeland & Briggs","url":"https:\/\/fibichlaw.com\/es\/","logo":{"@type":"ImageObject","inLanguage":"es","@id":"https:\/\/fibichlaw.com\/es\/#\/schema\/logo\/image\/","url":"https:\/\/fibichlaw.com\/wp-content\/uploads\/2023\/06\/fibich-footer-logo.svg","contentUrl":"https:\/\/fibichlaw.com\/wp-content\/uploads\/2023\/06\/fibich-footer-logo.svg","width":1,"height":1,"caption":"Fibich Leebron Copeland & Briggs"},"image":{"@id":"https:\/\/fibichlaw.com\/es\/#\/schema\/logo\/image\/"},"sameAs":["https:\/\/www.facebook.com\/fibichleebron\/","https:\/\/x.com\/FibichLaw","https:\/\/www.instagram.com\/attorneyerin\/","https:\/\/www.linkedin.com\/company\/fibich-leebron-copeland-briggs-josephson\/","https:\/\/www.youtube.com\/channel\/UCm_MuQE-2IqJmh5zvEc4Mtg"]}]}},"_links":{"self":[{"href":"https:\/\/fibichlaw.com\/es\/wp-json\/wp\/v2\/pages\/223","targetHints":{"allow":["GET"]}}],"collection":[{"href":"https:\/\/fibichlaw.com\/es\/wp-json\/wp\/v2\/pages"}],"about":[{"href":"https:\/\/fibichlaw.com\/es\/wp-json\/wp\/v2\/types\/page"}],"author":[{"embeddable":true,"href":"https:\/\/fibichlaw.com\/es\/wp-json\/wp\/v2\/users\/3"}],"replies":[{"embeddable":true,"href":"https:\/\/fibichlaw.com\/es\/wp-json\/wp\/v2\/comments?post=223"}],"version-history":[{"count":0,"href":"https:\/\/fibichlaw.com\/es\/wp-json\/wp\/v2\/pages\/223\/revisions"}],"wp:attachment":[{"href":"https:\/\/fibichlaw.com\/es\/wp-json\/wp\/v2\/media?parent=223"}],"curies":[{"name":"wp","href":"https:\/\/api.w.org\/{rel}","templated":true}]}}