{"id":230,"date":"2023-06-01T05:41:09","date_gmt":"2023-06-01T05:41:09","guid":{"rendered":"https:\/\/fibichlaw.com\/?page_id=230"},"modified":"2023-09-27T03:53:39","modified_gmt":"2023-09-27T03:53:39","slug":"areas-de-practica","status":"publish","type":"page","link":"https:\/\/fibichlaw.com\/es\/areas-de-practica\/","title":{"rendered":"\u00c1reas de Pr\u00e1ctica"},"content":{"rendered":"<h2>Abogados Experimentados y Altamente Clasificados Para Demandantes en Texas<\/h2>\n<p>Con una reputaci\u00f3n de representaci\u00f3n dedicada y un historial de \u00e9xito, cuando usted escoge Fibich, Leebron, Copeland y Briggs para proteger sus derechos en una disputa legal, usted puede sentirse bien acerca de su decisi\u00f3n. En nuestro bufete de abogados, creemos en los principios de la experiencia, compromiso y altos est\u00e1ndares \u00e9ticos. Nuestros abogados traen m\u00e1s de un siglo de experiencia colectiva al bufete, y juntos, formamos un equipo poderoso para los demandantes en Texas y Luisiana.<\/p>\n","protected":false},"excerpt":{"rendered":"<p>Abogados Experimentados y Altamente Clasificados Para Demandantes en Texas Con una reputaci\u00f3n de representaci\u00f3n dedicada y un historial de \u00e9xito, cuando usted escoge Fibich, Leebron, Copeland y Briggs para proteger sus derechos en una disputa legal, usted puede sentirse bien acerca de su decisi\u00f3n. En nuestro bufete de abogados, creemos en los principios de la&#8230;<\/p>\n","protected":false},"author":3,"featured_media":18085,"parent":0,"menu_order":78,"comment_status":"closed","ping_status":"closed","template":"template-spanish-archive-pa.php","meta":{"_acf_changed":false,"footnotes":"","_elementor_data":""},"class_list":["post-230","page","type-page","status-publish","has-post-thumbnail","hentry"],"acf":[],"page_builder_type":"classic","gutenberg_data":[],"yoast_head":"<!-- This site is optimized with the Yoast SEO plugin v27.3 - https:\/\/yoast.com\/product\/yoast-seo-wordpress\/ -->\n<title>Nuestras \u00c1reas De Practica - Abogados De Juicio En Houston<\/title>\n<meta name=\"description\" content=\"Hable de su caso con un miembro de nuestro equipo legal en Houston Fibich, Leebron, Copeland y Briggs.\" \/>\n<meta name=\"robots\" content=\"index, follow, max-snippet:-1, max-image-preview:large, max-video-preview:-1\" \/>\n<link rel=\"canonical\" href=\"https:\/\/fibichlaw.com\/es\/areas-de-practica\/\" \/>\n<meta property=\"og:locale\" content=\"es_ES\" \/>\n<meta property=\"og:type\" content=\"article\" \/>\n<meta property=\"og:title\" content=\"Nuestras \u00c1reas De Practica - Abogados De Juicio En Houston\" \/>\n<meta property=\"og:description\" content=\"Hable de su caso con un miembro de nuestro equipo legal en Houston Fibich, Leebron, Copeland y Briggs.\" \/>\n<meta property=\"og:url\" content=\"https:\/\/fibichlaw.com\/es\/areas-de-practica\/\" \/>\n<meta property=\"og:site_name\" content=\"Fibich Leebron Copeland &amp; Briggs\" \/>\n<meta property=\"article:publisher\" content=\"https:\/\/www.facebook.com\/fibichleebron\/\" \/>\n<meta property=\"article:modified_time\" content=\"2023-09-27T03:53:39+00:00\" \/>\n<meta property=\"og:image\" content=\"https:\/\/fibichlaw.com\/wp-content\/uploads\/2023\/09\/areas-de-practica.jpg\" \/>\n\t<meta property=\"og:image:width\" content=\"930\" \/>\n\t<meta property=\"og:image:height\" content=\"321\" \/>\n\t<meta property=\"og:image:type\" content=\"image\/jpeg\" \/>\n<meta name=\"twitter:card\" content=\"summary_large_image\" \/>\n<meta name=\"twitter:site\" content=\"@FibichLaw\" \/>\n<meta name=\"twitter:label1\" content=\"Tiempo de lectura\" \/>\n\t<meta name=\"twitter:data1\" content=\"1 minuto\" \/>\n<!-- \/ Yoast SEO plugin. -->","yoast_head_json":{"title":"Nuestras \u00c1reas De Practica - Abogados De Juicio En Houston","description":"Hable de su caso con un miembro de nuestro equipo legal en Houston Fibich, Leebron, Copeland y Briggs.","robots":{"index":"index","follow":"follow","max-snippet":"max-snippet:-1","max-image-preview":"max-image-preview:large","max-video-preview":"max-video-preview:-1"},"canonical":"https:\/\/fibichlaw.com\/es\/areas-de-practica\/","og_locale":"es_ES","og_type":"article","og_title":"Nuestras \u00c1reas De Practica - Abogados De Juicio En Houston","og_description":"Hable de su caso con un miembro de nuestro equipo legal en Houston Fibich, Leebron, Copeland y Briggs.","og_url":"https:\/\/fibichlaw.com\/es\/areas-de-practica\/","og_site_name":"Fibich Leebron Copeland &amp; Briggs","article_publisher":"https:\/\/www.facebook.com\/fibichleebron\/","article_modified_time":"2023-09-27T03:53:39+00:00","og_image":[{"width":930,"height":321,"url":"https:\/\/fibichlaw.com\/wp-content\/uploads\/2023\/09\/areas-de-practica.jpg","type":"image\/jpeg"}],"twitter_card":"summary_large_image","twitter_site":"@FibichLaw","twitter_misc":{"Tiempo de lectura":"1 minuto"},"schema":{"@context":"https:\/\/schema.org","@graph":[{"@type":"WebPage","@id":"https:\/\/fibichlaw.com\/es\/areas-de-practica\/","url":"https:\/\/fibichlaw.com\/es\/areas-de-practica\/","name":"Nuestras \u00c1reas De Practica - Abogados De Juicio En Houston","isPartOf":{"@id":"https:\/\/fibichlaw.com\/es\/#website"},"primaryImageOfPage":{"@id":"https:\/\/fibichlaw.com\/es\/areas-de-practica\/#primaryimage"},"image":{"@id":"https:\/\/fibichlaw.com\/es\/areas-de-practica\/#primaryimage"},"thumbnailUrl":"https:\/\/fibichlaw.com\/wp-content\/uploads\/2023\/09\/areas-de-practica.jpg","datePublished":"2023-06-01T05:41:09+00:00","dateModified":"2023-09-27T03:53:39+00:00","description":"Hable de su caso con un miembro de nuestro equipo legal en Houston Fibich, Leebron, Copeland y Briggs.","breadcrumb":{"@id":"https:\/\/fibichlaw.com\/es\/areas-de-practica\/#breadcrumb"},"inLanguage":"es","potentialAction":[{"@type":"ReadAction","target":["https:\/\/fibichlaw.com\/es\/areas-de-practica\/"]}]},{"@type":"ImageObject","inLanguage":"es","@id":"https:\/\/fibichlaw.com\/es\/areas-de-practica\/#primaryimage","url":"https:\/\/fibichlaw.com\/wp-content\/uploads\/2023\/09\/areas-de-practica.jpg","contentUrl":"https:\/\/fibichlaw.com\/wp-content\/uploads\/2023\/09\/areas-de-practica.jpg","width":930,"height":321},{"@type":"BreadcrumbList","@id":"https:\/\/fibichlaw.com\/es\/areas-de-practica\/#breadcrumb","itemListElement":[{"@type":"ListItem","position":1,"name":"Inicio","item":"https:\/\/fibichlaw.com\/es\/"},{"@type":"ListItem","position":2,"name":"\u00c1reas de Pr\u00e1ctica"}]},{"@type":"WebSite","@id":"https:\/\/fibichlaw.com\/es\/#website","url":"https:\/\/fibichlaw.com\/es\/","name":"Fibich Leebron Copeland & Briggs","description":"","publisher":{"@id":"https:\/\/fibichlaw.com\/es\/#organization"},"potentialAction":[{"@type":"SearchAction","target":{"@type":"EntryPoint","urlTemplate":"https:\/\/fibichlaw.com\/es\/?s={search_term_string}"},"query-input":{"@type":"PropertyValueSpecification","valueRequired":true,"valueName":"search_term_string"}}],"inLanguage":"es"},{"@type":"Organization","@id":"https:\/\/fibichlaw.com\/es\/#organization","name":"Fibich Leebron Copeland & Briggs","url":"https:\/\/fibichlaw.com\/es\/","logo":{"@type":"ImageObject","inLanguage":"es","@id":"https:\/\/fibichlaw.com\/es\/#\/schema\/logo\/image\/","url":"https:\/\/fibichlaw.com\/wp-content\/uploads\/2023\/06\/fibich-footer-logo.svg","contentUrl":"https:\/\/fibichlaw.com\/wp-content\/uploads\/2023\/06\/fibich-footer-logo.svg","width":1,"height":1,"caption":"Fibich Leebron Copeland & Briggs"},"image":{"@id":"https:\/\/fibichlaw.com\/es\/#\/schema\/logo\/image\/"},"sameAs":["https:\/\/www.facebook.com\/fibichleebron\/","https:\/\/x.com\/FibichLaw","https:\/\/www.instagram.com\/attorneyerin\/","https:\/\/www.linkedin.com\/company\/fibich-leebron-copeland-briggs-josephson\/","https:\/\/www.youtube.com\/channel\/UCm_MuQE-2IqJmh5zvEc4Mtg"]}]}},"_links":{"self":[{"href":"https:\/\/fibichlaw.com\/es\/wp-json\/wp\/v2\/pages\/230","targetHints":{"allow":["GET"]}}],"collection":[{"href":"https:\/\/fibichlaw.com\/es\/wp-json\/wp\/v2\/pages"}],"about":[{"href":"https:\/\/fibichlaw.com\/es\/wp-json\/wp\/v2\/types\/page"}],"author":[{"embeddable":true,"href":"https:\/\/fibichlaw.com\/es\/wp-json\/wp\/v2\/users\/3"}],"replies":[{"embeddable":true,"href":"https:\/\/fibichlaw.com\/es\/wp-json\/wp\/v2\/comments?post=230"}],"version-history":[{"count":0,"href":"https:\/\/fibichlaw.com\/es\/wp-json\/wp\/v2\/pages\/230\/revisions"}],"wp:featuredmedia":[{"embeddable":true,"href":"https:\/\/fibichlaw.com\/es\/wp-json\/wp\/v2\/media\/18085"}],"wp:attachment":[{"href":"https:\/\/fibichlaw.com\/es\/wp-json\/wp\/v2\/media?parent=230"}],"curies":[{"name":"wp","href":"https:\/\/api.w.org\/{rel}","templated":true}]}}