{"id":252,"date":"2023-05-31T15:54:04","date_gmt":"2023-05-31T15:54:04","guid":{"rendered":"https:\/\/fibichlaw.com\/?page_id=252"},"modified":"2023-09-22T04:08:50","modified_gmt":"2023-09-22T04:08:50","slug":"lesiones-de-campos-petroleros","status":"publish","type":"page","link":"https:\/\/fibichlaw.com\/es\/areas-de-practica\/lesiones-de-campos-petroleros\/","title":{"rendered":"Lesiones de Campos Petroleros"},"content":{"rendered":"<h2>\u00bfSufrio una Lesi\u00f3n en un Campo Petrolero?<\/h2>\n<p><span class=\"span-1\">Defensa Legal Dedicada Para V\u00edctimas en el sur de Texas y Luisiana<\/span><\/p>\n<p>La industria del petr\u00f3leo es muy importante para la econom\u00eda en el estado de Texas. Compa\u00f1\u00edas de equipos de perforaci\u00f3n y exploraci\u00f3n de petr\u00f3leo emplean muchas personas y ofrecen el potencial para el progreso y la seguridad. Desafortunadamente, estos trabajos tambi\u00e9n pueden ser extremadamente peligrosos.<\/p>\n<p><strong>Peligros en el trabajo para los trabajadores de campos petroleros incluyen, pero no est\u00e1n limitados a:<\/strong><\/p>\n","protected":false},"excerpt":{"rendered":"<p>\u00bfSufrio una Lesi\u00f3n en un Campo Petrolero? Defensa Legal Dedicada Para V\u00edctimas en el sur de Texas y Luisiana La industria del petr\u00f3leo es muy importante para la econom\u00eda en el estado de Texas. Compa\u00f1\u00edas de equipos de perforaci\u00f3n y exploraci\u00f3n de petr\u00f3leo emplean muchas personas y ofrecen el potencial para el progreso y la&#8230;<\/p>\n","protected":false},"author":3,"featured_media":18675,"parent":230,"menu_order":21,"comment_status":"closed","ping_status":"closed","template":"template-spanish-practice-area.php","meta":{"_acf_changed":false,"footnotes":"","_elementor_data":""},"class_list":["post-252","page","type-page","status-publish","has-post-thumbnail","hentry"],"acf":[],"page_builder_type":"classic","gutenberg_data":[],"yoast_head":"<!-- This site is optimized with the Yoast SEO plugin v27.3 - https:\/\/yoast.com\/product\/yoast-seo-wordpress\/ -->\n<title>Lesiones De Campos Petroleros En Houston - Abogados De Lesiones<\/title>\n<meta name=\"description\" content=\"Lesiones de campos petroleros y muertes ocurren cada a\u00f1o en Texas. Hable con nuestro abogado de Houston en Fibich, Leebron, Copeland y Briggs.\" \/>\n<meta name=\"robots\" content=\"index, follow, max-snippet:-1, max-image-preview:large, max-video-preview:-1\" \/>\n<link rel=\"canonical\" href=\"https:\/\/fibichlaw.com\/es\/areas-de-practica\/lesiones-de-campos-petroleros\/\" \/>\n<meta property=\"og:locale\" content=\"es_ES\" \/>\n<meta property=\"og:type\" content=\"article\" \/>\n<meta property=\"og:title\" content=\"Lesiones De Campos Petroleros En Houston - Abogados De Lesiones\" \/>\n<meta property=\"og:description\" content=\"Lesiones de campos petroleros y muertes ocurren cada a\u00f1o en Texas. Hable con nuestro abogado de Houston en Fibich, Leebron, Copeland y Briggs.\" \/>\n<meta property=\"og:url\" content=\"https:\/\/fibichlaw.com\/es\/areas-de-practica\/lesiones-de-campos-petroleros\/\" \/>\n<meta property=\"og:site_name\" content=\"Fibich Leebron Copeland &amp; Briggs\" \/>\n<meta property=\"article:publisher\" content=\"https:\/\/www.facebook.com\/fibichleebron\/\" \/>\n<meta property=\"article:modified_time\" content=\"2023-09-22T04:08:50+00:00\" \/>\n<meta property=\"og:image\" content=\"https:\/\/fibichlaw.com\/wp-content\/uploads\/2023\/09\/lesiones-de-campos-petroleros.jpeg\" \/>\n\t<meta property=\"og:image:width\" content=\"930\" \/>\n\t<meta property=\"og:image:height\" content=\"320\" \/>\n\t<meta property=\"og:image:type\" content=\"image\/jpeg\" \/>\n<meta name=\"twitter:card\" content=\"summary_large_image\" \/>\n<meta name=\"twitter:site\" content=\"@FibichLaw\" \/>\n<meta name=\"twitter:label1\" content=\"Tiempo de lectura\" \/>\n\t<meta name=\"twitter:data1\" content=\"1 minuto\" \/>\n<!-- \/ Yoast SEO plugin. -->","yoast_head_json":{"title":"Lesiones De Campos Petroleros En Houston - Abogados De Lesiones","description":"Lesiones de campos petroleros y muertes ocurren cada a\u00f1o en Texas. Hable con nuestro abogado de Houston en Fibich, Leebron, Copeland y Briggs.","robots":{"index":"index","follow":"follow","max-snippet":"max-snippet:-1","max-image-preview":"max-image-preview:large","max-video-preview":"max-video-preview:-1"},"canonical":"https:\/\/fibichlaw.com\/es\/areas-de-practica\/lesiones-de-campos-petroleros\/","og_locale":"es_ES","og_type":"article","og_title":"Lesiones De Campos Petroleros En Houston - Abogados De Lesiones","og_description":"Lesiones de campos petroleros y muertes ocurren cada a\u00f1o en Texas. Hable con nuestro abogado de Houston en Fibich, Leebron, Copeland y Briggs.","og_url":"https:\/\/fibichlaw.com\/es\/areas-de-practica\/lesiones-de-campos-petroleros\/","og_site_name":"Fibich Leebron Copeland &amp; Briggs","article_publisher":"https:\/\/www.facebook.com\/fibichleebron\/","article_modified_time":"2023-09-22T04:08:50+00:00","og_image":[{"width":930,"height":320,"url":"https:\/\/fibichlaw.com\/wp-content\/uploads\/2023\/09\/lesiones-de-campos-petroleros.jpeg","type":"image\/jpeg"}],"twitter_card":"summary_large_image","twitter_site":"@FibichLaw","twitter_misc":{"Tiempo de lectura":"1 minuto"},"schema":{"@context":"https:\/\/schema.org","@graph":[{"@type":"WebPage","@id":"https:\/\/fibichlaw.com\/es\/areas-de-practica\/lesiones-de-campos-petroleros\/","url":"https:\/\/fibichlaw.com\/es\/areas-de-practica\/lesiones-de-campos-petroleros\/","name":"Lesiones De Campos Petroleros En Houston - Abogados De Lesiones","isPartOf":{"@id":"https:\/\/fibichlaw.com\/es\/#website"},"primaryImageOfPage":{"@id":"https:\/\/fibichlaw.com\/es\/areas-de-practica\/lesiones-de-campos-petroleros\/#primaryimage"},"image":{"@id":"https:\/\/fibichlaw.com\/es\/areas-de-practica\/lesiones-de-campos-petroleros\/#primaryimage"},"thumbnailUrl":"https:\/\/fibichlaw.com\/wp-content\/uploads\/2023\/09\/lesiones-de-campos-petroleros.jpeg","datePublished":"2023-05-31T15:54:04+00:00","dateModified":"2023-09-22T04:08:50+00:00","description":"Lesiones de campos petroleros y muertes ocurren cada a\u00f1o en Texas. Hable con nuestro abogado de Houston en Fibich, Leebron, Copeland y Briggs.","breadcrumb":{"@id":"https:\/\/fibichlaw.com\/es\/areas-de-practica\/lesiones-de-campos-petroleros\/#breadcrumb"},"inLanguage":"es","potentialAction":[{"@type":"ReadAction","target":["https:\/\/fibichlaw.com\/es\/areas-de-practica\/lesiones-de-campos-petroleros\/"]}]},{"@type":"ImageObject","inLanguage":"es","@id":"https:\/\/fibichlaw.com\/es\/areas-de-practica\/lesiones-de-campos-petroleros\/#primaryimage","url":"https:\/\/fibichlaw.com\/wp-content\/uploads\/2023\/09\/lesiones-de-campos-petroleros.jpeg","contentUrl":"https:\/\/fibichlaw.com\/wp-content\/uploads\/2023\/09\/lesiones-de-campos-petroleros.jpeg","width":930,"height":320},{"@type":"BreadcrumbList","@id":"https:\/\/fibichlaw.com\/es\/areas-de-practica\/lesiones-de-campos-petroleros\/#breadcrumb","itemListElement":[{"@type":"ListItem","position":1,"name":"Inicio","item":"https:\/\/fibichlaw.com\/es\/"},{"@type":"ListItem","position":2,"name":"\u00c1reas de Pr\u00e1ctica","item":"https:\/\/fibichlaw.com\/es\/areas-de-practica\/"},{"@type":"ListItem","position":3,"name":"Lesiones de Campos Petroleros"}]},{"@type":"WebSite","@id":"https:\/\/fibichlaw.com\/es\/#website","url":"https:\/\/fibichlaw.com\/es\/","name":"Fibich Leebron Copeland & Briggs","description":"","publisher":{"@id":"https:\/\/fibichlaw.com\/es\/#organization"},"potentialAction":[{"@type":"SearchAction","target":{"@type":"EntryPoint","urlTemplate":"https:\/\/fibichlaw.com\/es\/?s={search_term_string}"},"query-input":{"@type":"PropertyValueSpecification","valueRequired":true,"valueName":"search_term_string"}}],"inLanguage":"es"},{"@type":"Organization","@id":"https:\/\/fibichlaw.com\/es\/#organization","name":"Fibich Leebron Copeland & Briggs","url":"https:\/\/fibichlaw.com\/es\/","logo":{"@type":"ImageObject","inLanguage":"es","@id":"https:\/\/fibichlaw.com\/es\/#\/schema\/logo\/image\/","url":"https:\/\/fibichlaw.com\/wp-content\/uploads\/2023\/06\/fibich-footer-logo.svg","contentUrl":"https:\/\/fibichlaw.com\/wp-content\/uploads\/2023\/06\/fibich-footer-logo.svg","width":1,"height":1,"caption":"Fibich Leebron Copeland & Briggs"},"image":{"@id":"https:\/\/fibichlaw.com\/es\/#\/schema\/logo\/image\/"},"sameAs":["https:\/\/www.facebook.com\/fibichleebron\/","https:\/\/x.com\/FibichLaw","https:\/\/www.instagram.com\/attorneyerin\/","https:\/\/www.linkedin.com\/company\/fibich-leebron-copeland-briggs-josephson\/","https:\/\/www.youtube.com\/channel\/UCm_MuQE-2IqJmh5zvEc4Mtg"]}]}},"_links":{"self":[{"href":"https:\/\/fibichlaw.com\/es\/wp-json\/wp\/v2\/pages\/252","targetHints":{"allow":["GET"]}}],"collection":[{"href":"https:\/\/fibichlaw.com\/es\/wp-json\/wp\/v2\/pages"}],"about":[{"href":"https:\/\/fibichlaw.com\/es\/wp-json\/wp\/v2\/types\/page"}],"author":[{"embeddable":true,"href":"https:\/\/fibichlaw.com\/es\/wp-json\/wp\/v2\/users\/3"}],"replies":[{"embeddable":true,"href":"https:\/\/fibichlaw.com\/es\/wp-json\/wp\/v2\/comments?post=252"}],"version-history":[{"count":0,"href":"https:\/\/fibichlaw.com\/es\/wp-json\/wp\/v2\/pages\/252\/revisions"}],"up":[{"embeddable":true,"href":"https:\/\/fibichlaw.com\/es\/wp-json\/wp\/v2\/pages\/230"}],"wp:featuredmedia":[{"embeddable":true,"href":"https:\/\/fibichlaw.com\/es\/wp-json\/wp\/v2\/media\/18675"}],"wp:attachment":[{"href":"https:\/\/fibichlaw.com\/es\/wp-json\/wp\/v2\/media?parent=252"}],"curies":[{"name":"wp","href":"https:\/\/api.w.org\/{rel}","templated":true}]}}