{"id":259,"date":"2023-05-31T15:54:15","date_gmt":"2023-05-31T15:54:15","guid":{"rendered":"https:\/\/fibichlaw.com\/?page_id=259"},"modified":"2023-09-10T21:57:50","modified_gmt":"2023-09-10T21:57:50","slug":"lesion-personal","status":"publish","type":"page","link":"https:\/\/fibichlaw.com\/es\/areas-de-practica\/lesion-personal\/","title":{"rendered":"Lesi\u00f3n Personal"},"content":{"rendered":"<h2>Entendiendo su Reclamo de Lesi\u00f3n Personal<\/h2>\n<p><span class=\"span-1\">Defensa Para V\u00edctimas Lesionadas y sus Familias<\/span><\/p>\n<p>Si usted o un ser querido ha sufrido una lesi\u00f3n causada por la falta de atenci\u00f3n de otra persona, la conducta descuidada o negligencia, su familia puede tener derecho a una compensaci\u00f3n econ\u00f3mica por las p\u00e9rdidas que han sufrido como consecuencia del accidente.<\/p>\n<p><strong>Si usted se lesion\u00f3 debido a otra persona, solicitando compensaci\u00f3n puede ayudarle a cubrir las p\u00e9rdidas que pueden incluir, pero no est\u00e1n limitadas a:<\/strong><\/p>\n","protected":false},"excerpt":{"rendered":"<p>Entendiendo su Reclamo de Lesi\u00f3n Personal Defensa Para V\u00edctimas Lesionadas y sus Familias Si usted o un ser querido ha sufrido una lesi\u00f3n causada por la falta de atenci\u00f3n de otra persona, la conducta descuidada o negligencia, su familia puede tener derecho a una compensaci\u00f3n econ\u00f3mica por las p\u00e9rdidas que han sufrido como consecuencia del&#8230;<\/p>\n","protected":false},"author":3,"featured_media":18125,"parent":230,"menu_order":17,"comment_status":"closed","ping_status":"closed","template":"template-spanish-practice-area.php","meta":{"_acf_changed":false,"footnotes":"","_elementor_data":""},"class_list":["post-259","page","type-page","status-publish","has-post-thumbnail","hentry"],"acf":[],"page_builder_type":"classic","gutenberg_data":[],"yoast_head":"<!-- This site is optimized with the Yoast SEO plugin v27.3 - https:\/\/yoast.com\/product\/yoast-seo-wordpress\/ -->\n<title>Abogados De Lesi\u00f3n Personal En Houston - Bufete De Lesiones<\/title>\n<meta name=\"description\" content=\"\u00bfHerido en el sur de Texas o Luisiana? Llame a nuestros abogados de lesi\u00f3n personal en Houston de Fibich, Leebron, Copeland y Briggs. Programe una consulta gratuita.\" \/>\n<meta name=\"robots\" content=\"index, follow, max-snippet:-1, max-image-preview:large, max-video-preview:-1\" \/>\n<link rel=\"canonical\" href=\"https:\/\/fibichlaw.com\/es\/areas-de-practica\/lesion-personal\/\" \/>\n<meta property=\"og:locale\" content=\"es_ES\" \/>\n<meta property=\"og:type\" content=\"article\" \/>\n<meta property=\"og:title\" content=\"Abogados De Lesi\u00f3n Personal En Houston - Bufete De Lesiones\" \/>\n<meta property=\"og:description\" content=\"\u00bfHerido en el sur de Texas o Luisiana? Llame a nuestros abogados de lesi\u00f3n personal en Houston de Fibich, Leebron, Copeland y Briggs. Programe una consulta gratuita.\" \/>\n<meta property=\"og:url\" content=\"https:\/\/fibichlaw.com\/es\/areas-de-practica\/lesion-personal\/\" \/>\n<meta property=\"og:site_name\" content=\"Fibich Leebron Copeland &amp; Briggs\" \/>\n<meta property=\"article:publisher\" content=\"https:\/\/www.facebook.com\/fibichleebron\/\" \/>\n<meta property=\"article:modified_time\" content=\"2023-09-10T21:57:50+00:00\" \/>\n<meta property=\"og:image\" content=\"https:\/\/fibichlaw.com\/wp-content\/uploads\/2023\/09\/lesion-personal.jpg\" \/>\n\t<meta property=\"og:image:width\" content=\"930\" \/>\n\t<meta property=\"og:image:height\" content=\"320\" \/>\n\t<meta property=\"og:image:type\" content=\"image\/jpeg\" \/>\n<meta name=\"twitter:card\" content=\"summary_large_image\" \/>\n<meta name=\"twitter:site\" content=\"@FibichLaw\" \/>\n<meta name=\"twitter:label1\" content=\"Tiempo de lectura\" \/>\n\t<meta name=\"twitter:data1\" content=\"1 minuto\" \/>\n<!-- \/ Yoast SEO plugin. -->","yoast_head_json":{"title":"Abogados De Lesi\u00f3n Personal En Houston - Bufete De Lesiones","description":"\u00bfHerido en el sur de Texas o Luisiana? Llame a nuestros abogados de lesi\u00f3n personal en Houston de Fibich, Leebron, Copeland y Briggs. Programe una consulta gratuita.","robots":{"index":"index","follow":"follow","max-snippet":"max-snippet:-1","max-image-preview":"max-image-preview:large","max-video-preview":"max-video-preview:-1"},"canonical":"https:\/\/fibichlaw.com\/es\/areas-de-practica\/lesion-personal\/","og_locale":"es_ES","og_type":"article","og_title":"Abogados De Lesi\u00f3n Personal En Houston - Bufete De Lesiones","og_description":"\u00bfHerido en el sur de Texas o Luisiana? Llame a nuestros abogados de lesi\u00f3n personal en Houston de Fibich, Leebron, Copeland y Briggs. Programe una consulta gratuita.","og_url":"https:\/\/fibichlaw.com\/es\/areas-de-practica\/lesion-personal\/","og_site_name":"Fibich Leebron Copeland &amp; Briggs","article_publisher":"https:\/\/www.facebook.com\/fibichleebron\/","article_modified_time":"2023-09-10T21:57:50+00:00","og_image":[{"width":930,"height":320,"url":"https:\/\/fibichlaw.com\/wp-content\/uploads\/2023\/09\/lesion-personal.jpg","type":"image\/jpeg"}],"twitter_card":"summary_large_image","twitter_site":"@FibichLaw","twitter_misc":{"Tiempo de lectura":"1 minuto"},"schema":{"@context":"https:\/\/schema.org","@graph":[{"@type":"WebPage","@id":"https:\/\/fibichlaw.com\/es\/areas-de-practica\/lesion-personal\/","url":"https:\/\/fibichlaw.com\/es\/areas-de-practica\/lesion-personal\/","name":"Abogados De Lesi\u00f3n Personal En Houston - Bufete De Lesiones","isPartOf":{"@id":"https:\/\/fibichlaw.com\/es\/#website"},"primaryImageOfPage":{"@id":"https:\/\/fibichlaw.com\/es\/areas-de-practica\/lesion-personal\/#primaryimage"},"image":{"@id":"https:\/\/fibichlaw.com\/es\/areas-de-practica\/lesion-personal\/#primaryimage"},"thumbnailUrl":"https:\/\/fibichlaw.com\/wp-content\/uploads\/2023\/09\/lesion-personal.jpg","datePublished":"2023-05-31T15:54:15+00:00","dateModified":"2023-09-10T21:57:50+00:00","description":"\u00bfHerido en el sur de Texas o Luisiana? Llame a nuestros abogados de lesi\u00f3n personal en Houston de Fibich, Leebron, Copeland y Briggs. Programe una consulta gratuita.","breadcrumb":{"@id":"https:\/\/fibichlaw.com\/es\/areas-de-practica\/lesion-personal\/#breadcrumb"},"inLanguage":"es","potentialAction":[{"@type":"ReadAction","target":["https:\/\/fibichlaw.com\/es\/areas-de-practica\/lesion-personal\/"]}]},{"@type":"ImageObject","inLanguage":"es","@id":"https:\/\/fibichlaw.com\/es\/areas-de-practica\/lesion-personal\/#primaryimage","url":"https:\/\/fibichlaw.com\/wp-content\/uploads\/2023\/09\/lesion-personal.jpg","contentUrl":"https:\/\/fibichlaw.com\/wp-content\/uploads\/2023\/09\/lesion-personal.jpg","width":930,"height":320},{"@type":"BreadcrumbList","@id":"https:\/\/fibichlaw.com\/es\/areas-de-practica\/lesion-personal\/#breadcrumb","itemListElement":[{"@type":"ListItem","position":1,"name":"Inicio","item":"https:\/\/fibichlaw.com\/es\/"},{"@type":"ListItem","position":2,"name":"\u00c1reas de Pr\u00e1ctica","item":"https:\/\/fibichlaw.com\/es\/areas-de-practica\/"},{"@type":"ListItem","position":3,"name":"Lesi\u00f3n Personal"}]},{"@type":"WebSite","@id":"https:\/\/fibichlaw.com\/es\/#website","url":"https:\/\/fibichlaw.com\/es\/","name":"Fibich Leebron Copeland & Briggs","description":"","publisher":{"@id":"https:\/\/fibichlaw.com\/es\/#organization"},"potentialAction":[{"@type":"SearchAction","target":{"@type":"EntryPoint","urlTemplate":"https:\/\/fibichlaw.com\/es\/?s={search_term_string}"},"query-input":{"@type":"PropertyValueSpecification","valueRequired":true,"valueName":"search_term_string"}}],"inLanguage":"es"},{"@type":"Organization","@id":"https:\/\/fibichlaw.com\/es\/#organization","name":"Fibich Leebron Copeland & Briggs","url":"https:\/\/fibichlaw.com\/es\/","logo":{"@type":"ImageObject","inLanguage":"es","@id":"https:\/\/fibichlaw.com\/es\/#\/schema\/logo\/image\/","url":"https:\/\/fibichlaw.com\/wp-content\/uploads\/2023\/06\/fibich-footer-logo.svg","contentUrl":"https:\/\/fibichlaw.com\/wp-content\/uploads\/2023\/06\/fibich-footer-logo.svg","width":1,"height":1,"caption":"Fibich Leebron Copeland & Briggs"},"image":{"@id":"https:\/\/fibichlaw.com\/es\/#\/schema\/logo\/image\/"},"sameAs":["https:\/\/www.facebook.com\/fibichleebron\/","https:\/\/x.com\/FibichLaw","https:\/\/www.instagram.com\/attorneyerin\/","https:\/\/www.linkedin.com\/company\/fibich-leebron-copeland-briggs-josephson\/","https:\/\/www.youtube.com\/channel\/UCm_MuQE-2IqJmh5zvEc4Mtg"]}]}},"_links":{"self":[{"href":"https:\/\/fibichlaw.com\/es\/wp-json\/wp\/v2\/pages\/259","targetHints":{"allow":["GET"]}}],"collection":[{"href":"https:\/\/fibichlaw.com\/es\/wp-json\/wp\/v2\/pages"}],"about":[{"href":"https:\/\/fibichlaw.com\/es\/wp-json\/wp\/v2\/types\/page"}],"author":[{"embeddable":true,"href":"https:\/\/fibichlaw.com\/es\/wp-json\/wp\/v2\/users\/3"}],"replies":[{"embeddable":true,"href":"https:\/\/fibichlaw.com\/es\/wp-json\/wp\/v2\/comments?post=259"}],"version-history":[{"count":0,"href":"https:\/\/fibichlaw.com\/es\/wp-json\/wp\/v2\/pages\/259\/revisions"}],"up":[{"embeddable":true,"href":"https:\/\/fibichlaw.com\/es\/wp-json\/wp\/v2\/pages\/230"}],"wp:featuredmedia":[{"embeddable":true,"href":"https:\/\/fibichlaw.com\/es\/wp-json\/wp\/v2\/media\/18125"}],"wp:attachment":[{"href":"https:\/\/fibichlaw.com\/es\/wp-json\/wp\/v2\/media?parent=259"}],"curies":[{"name":"wp","href":"https:\/\/api.w.org\/{rel}","templated":true}]}}