{"id":266,"date":"2023-05-31T15:54:27","date_gmt":"2023-05-31T15:54:27","guid":{"rendered":"https:\/\/fibichlaw.com\/?page_id=266"},"modified":"2023-09-14T08:56:16","modified_gmt":"2023-09-14T08:56:16","slug":"explosiones-e-incendios","status":"publish","type":"page","link":"https:\/\/fibichlaw.com\/es\/areas-de-practica\/explosiones-e-incendios\/","title":{"rendered":"Explosiones e Incendios"},"content":{"rendered":"<h2>Defensa Para V\u00edctimas de Incendio y Explosi\u00f3n<\/h2>\n<p><span class=\"span-1\">M\u00e1s de 100 A\u00f1os de Experiencia Colectiva Legal de su Lado<\/span><\/p>\n<p>Mientras que algunos incendios son causados \u200b\u200bpor los desastres naturales, como la ca\u00edda de rayos, la gran mayor\u00eda comienzan con el error humano. Estos pueden resultar a causa de piezas que no funcionan correctamente como calentadores de espacio o el manejo inadecuado de materiales inflamables incluyendo petardos y cerillos.<\/p>\n<p>Si usted o un miembro de la familia sufri\u00f3 una lesi\u00f3n por quemaduras en un incendio o una explosi\u00f3n causada por la negligencia o malicia, le animamos a que busque ayuda legal. Nuestros abogados de lesiones de quemadura en Fibich, Leebron, Copeland y Briggs le pueden asesorar sobre c\u00f3mo buscar la compensaci\u00f3n a que usted podr\u00eda tener derecho a recibir.<\/p>\n<p><strong>Nuestro bufete atiende casos de incendio y explosi\u00f3n en una variedad de categor\u00edas, tales como:<\/strong><\/p>\n","protected":false},"excerpt":{"rendered":"<p>Defensa Para V\u00edctimas de Incendio y Explosi\u00f3n M\u00e1s de 100 A\u00f1os de Experiencia Colectiva Legal de su Lado Mientras que algunos incendios son causados \u200b\u200bpor los desastres naturales, como la ca\u00edda de rayos, la gran mayor\u00eda comienzan con el error humano. Estos pueden resultar a causa de piezas que no funcionan correctamente como calentadores de&#8230;<\/p>\n","protected":false},"author":3,"featured_media":18668,"parent":230,"menu_order":14,"comment_status":"closed","ping_status":"closed","template":"template-spanish-practice-area.php","meta":{"_acf_changed":false,"footnotes":"","_elementor_data":""},"class_list":["post-266","page","type-page","status-publish","has-post-thumbnail","hentry"],"acf":[],"page_builder_type":"classic","gutenberg_data":[],"yoast_head":"<!-- This site is optimized with the Yoast SEO plugin v27.3 - https:\/\/yoast.com\/product\/yoast-seo-wordpress\/ -->\n<title>Explosiones E Incendios - Abogados De Lesiones Texas Y Luisiana<\/title>\n<meta name=\"description\" content=\"\u00bfTiene una demanda por lesiones de quemadura? Contacte nuestros abogados de Houston en Fibich, Leebron, Copeland y Briggs para aprender m\u00e1s.\" \/>\n<meta name=\"robots\" content=\"index, follow, max-snippet:-1, max-image-preview:large, max-video-preview:-1\" \/>\n<link rel=\"canonical\" href=\"https:\/\/fibichlaw.com\/es\/areas-de-practica\/explosiones-e-incendios\/\" \/>\n<meta property=\"og:locale\" content=\"es_ES\" \/>\n<meta property=\"og:type\" content=\"article\" \/>\n<meta property=\"og:title\" content=\"Explosiones E Incendios - Abogados De Lesiones Texas Y Luisiana\" \/>\n<meta property=\"og:description\" content=\"\u00bfTiene una demanda por lesiones de quemadura? Contacte nuestros abogados de Houston en Fibich, Leebron, Copeland y Briggs para aprender m\u00e1s.\" \/>\n<meta property=\"og:url\" content=\"https:\/\/fibichlaw.com\/es\/areas-de-practica\/explosiones-e-incendios\/\" \/>\n<meta property=\"og:site_name\" content=\"Fibich Leebron Copeland &amp; Briggs\" \/>\n<meta property=\"article:publisher\" content=\"https:\/\/www.facebook.com\/fibichleebron\/\" \/>\n<meta property=\"article:modified_time\" content=\"2023-09-14T08:56:16+00:00\" \/>\n<meta property=\"og:image\" content=\"https:\/\/fibichlaw.com\/wp-content\/uploads\/2023\/09\/explosiones-e-incendios.jpeg\" \/>\n\t<meta property=\"og:image:width\" content=\"930\" \/>\n\t<meta property=\"og:image:height\" content=\"320\" \/>\n\t<meta property=\"og:image:type\" content=\"image\/jpeg\" \/>\n<meta name=\"twitter:card\" content=\"summary_large_image\" \/>\n<meta name=\"twitter:site\" content=\"@FibichLaw\" \/>\n<meta name=\"twitter:label1\" content=\"Tiempo de lectura\" \/>\n\t<meta name=\"twitter:data1\" content=\"1 minuto\" \/>\n<!-- \/ Yoast SEO plugin. -->","yoast_head_json":{"title":"Explosiones E Incendios - Abogados De Lesiones Texas Y Luisiana","description":"\u00bfTiene una demanda por lesiones de quemadura? Contacte nuestros abogados de Houston en Fibich, Leebron, Copeland y Briggs para aprender m\u00e1s.","robots":{"index":"index","follow":"follow","max-snippet":"max-snippet:-1","max-image-preview":"max-image-preview:large","max-video-preview":"max-video-preview:-1"},"canonical":"https:\/\/fibichlaw.com\/es\/areas-de-practica\/explosiones-e-incendios\/","og_locale":"es_ES","og_type":"article","og_title":"Explosiones E Incendios - Abogados De Lesiones Texas Y Luisiana","og_description":"\u00bfTiene una demanda por lesiones de quemadura? Contacte nuestros abogados de Houston en Fibich, Leebron, Copeland y Briggs para aprender m\u00e1s.","og_url":"https:\/\/fibichlaw.com\/es\/areas-de-practica\/explosiones-e-incendios\/","og_site_name":"Fibich Leebron Copeland &amp; Briggs","article_publisher":"https:\/\/www.facebook.com\/fibichleebron\/","article_modified_time":"2023-09-14T08:56:16+00:00","og_image":[{"width":930,"height":320,"url":"https:\/\/fibichlaw.com\/wp-content\/uploads\/2023\/09\/explosiones-e-incendios.jpeg","type":"image\/jpeg"}],"twitter_card":"summary_large_image","twitter_site":"@FibichLaw","twitter_misc":{"Tiempo de lectura":"1 minuto"},"schema":{"@context":"https:\/\/schema.org","@graph":[{"@type":"WebPage","@id":"https:\/\/fibichlaw.com\/es\/areas-de-practica\/explosiones-e-incendios\/","url":"https:\/\/fibichlaw.com\/es\/areas-de-practica\/explosiones-e-incendios\/","name":"Explosiones E Incendios - Abogados De Lesiones Texas Y Luisiana","isPartOf":{"@id":"https:\/\/fibichlaw.com\/es\/#website"},"primaryImageOfPage":{"@id":"https:\/\/fibichlaw.com\/es\/areas-de-practica\/explosiones-e-incendios\/#primaryimage"},"image":{"@id":"https:\/\/fibichlaw.com\/es\/areas-de-practica\/explosiones-e-incendios\/#primaryimage"},"thumbnailUrl":"https:\/\/fibichlaw.com\/wp-content\/uploads\/2023\/09\/explosiones-e-incendios.jpeg","datePublished":"2023-05-31T15:54:27+00:00","dateModified":"2023-09-14T08:56:16+00:00","description":"\u00bfTiene una demanda por lesiones de quemadura? Contacte nuestros abogados de Houston en Fibich, Leebron, Copeland y Briggs para aprender m\u00e1s.","breadcrumb":{"@id":"https:\/\/fibichlaw.com\/es\/areas-de-practica\/explosiones-e-incendios\/#breadcrumb"},"inLanguage":"es","potentialAction":[{"@type":"ReadAction","target":["https:\/\/fibichlaw.com\/es\/areas-de-practica\/explosiones-e-incendios\/"]}]},{"@type":"ImageObject","inLanguage":"es","@id":"https:\/\/fibichlaw.com\/es\/areas-de-practica\/explosiones-e-incendios\/#primaryimage","url":"https:\/\/fibichlaw.com\/wp-content\/uploads\/2023\/09\/explosiones-e-incendios.jpeg","contentUrl":"https:\/\/fibichlaw.com\/wp-content\/uploads\/2023\/09\/explosiones-e-incendios.jpeg","width":930,"height":320},{"@type":"BreadcrumbList","@id":"https:\/\/fibichlaw.com\/es\/areas-de-practica\/explosiones-e-incendios\/#breadcrumb","itemListElement":[{"@type":"ListItem","position":1,"name":"Inicio","item":"https:\/\/fibichlaw.com\/es\/"},{"@type":"ListItem","position":2,"name":"\u00c1reas de Pr\u00e1ctica","item":"https:\/\/fibichlaw.com\/es\/areas-de-practica\/"},{"@type":"ListItem","position":3,"name":"Explosiones e Incendios"}]},{"@type":"WebSite","@id":"https:\/\/fibichlaw.com\/es\/#website","url":"https:\/\/fibichlaw.com\/es\/","name":"Fibich Leebron Copeland & Briggs","description":"","publisher":{"@id":"https:\/\/fibichlaw.com\/es\/#organization"},"potentialAction":[{"@type":"SearchAction","target":{"@type":"EntryPoint","urlTemplate":"https:\/\/fibichlaw.com\/es\/?s={search_term_string}"},"query-input":{"@type":"PropertyValueSpecification","valueRequired":true,"valueName":"search_term_string"}}],"inLanguage":"es"},{"@type":"Organization","@id":"https:\/\/fibichlaw.com\/es\/#organization","name":"Fibich Leebron Copeland & Briggs","url":"https:\/\/fibichlaw.com\/es\/","logo":{"@type":"ImageObject","inLanguage":"es","@id":"https:\/\/fibichlaw.com\/es\/#\/schema\/logo\/image\/","url":"https:\/\/fibichlaw.com\/wp-content\/uploads\/2023\/06\/fibich-footer-logo.svg","contentUrl":"https:\/\/fibichlaw.com\/wp-content\/uploads\/2023\/06\/fibich-footer-logo.svg","width":1,"height":1,"caption":"Fibich Leebron Copeland & Briggs"},"image":{"@id":"https:\/\/fibichlaw.com\/es\/#\/schema\/logo\/image\/"},"sameAs":["https:\/\/www.facebook.com\/fibichleebron\/","https:\/\/x.com\/FibichLaw","https:\/\/www.instagram.com\/attorneyerin\/","https:\/\/www.linkedin.com\/company\/fibich-leebron-copeland-briggs-josephson\/","https:\/\/www.youtube.com\/channel\/UCm_MuQE-2IqJmh5zvEc4Mtg"]}]}},"_links":{"self":[{"href":"https:\/\/fibichlaw.com\/es\/wp-json\/wp\/v2\/pages\/266","targetHints":{"allow":["GET"]}}],"collection":[{"href":"https:\/\/fibichlaw.com\/es\/wp-json\/wp\/v2\/pages"}],"about":[{"href":"https:\/\/fibichlaw.com\/es\/wp-json\/wp\/v2\/types\/page"}],"author":[{"embeddable":true,"href":"https:\/\/fibichlaw.com\/es\/wp-json\/wp\/v2\/users\/3"}],"replies":[{"embeddable":true,"href":"https:\/\/fibichlaw.com\/es\/wp-json\/wp\/v2\/comments?post=266"}],"version-history":[{"count":0,"href":"https:\/\/fibichlaw.com\/es\/wp-json\/wp\/v2\/pages\/266\/revisions"}],"up":[{"embeddable":true,"href":"https:\/\/fibichlaw.com\/es\/wp-json\/wp\/v2\/pages\/230"}],"wp:featuredmedia":[{"embeddable":true,"href":"https:\/\/fibichlaw.com\/es\/wp-json\/wp\/v2\/media\/18668"}],"wp:attachment":[{"href":"https:\/\/fibichlaw.com\/es\/wp-json\/wp\/v2\/media?parent=266"}],"curies":[{"name":"wp","href":"https:\/\/api.w.org\/{rel}","templated":true}]}}