{"id":280,"date":"2023-05-31T15:54:57","date_gmt":"2023-05-31T15:54:57","guid":{"rendered":"https:\/\/fibichlaw.com\/?page_id=280"},"modified":"2023-09-22T04:07:35","modified_gmt":"2023-09-22T04:07:35","slug":"disputas-de-negocio","status":"publish","type":"page","link":"https:\/\/fibichlaw.com\/es\/areas-de-practica\/disputas-de-negocio\/","title":{"rendered":"Disputas de Negocio"},"content":{"rendered":"<h2>Resolviendo Disputas de Negocios en Houston<\/h2>\n<p><span class=\"span-1\">Abogados de Derecho Comercial en Galveston, el sur de Texas, y Luisiana<\/span><\/p>\n<p>Cuestiones de derecho de negocios pueden ser complejas, costosas y requieren mucho tiempo. Al contratar un abogado con experiencia de nuestro bufete de abogados de Houston, usted puede estar seguro de que su caso estar\u00e1 en buenas manos \u2013 permiti\u00e9ndole centrarse en su negocio y la gesti\u00f3n de sus propios asuntos diarios.<\/p>\n<p>En <a href=\"https:\/\/fibichlaw.com\/es\/\">Fibich, Leebron, Copeland y Briggs<\/a>\u00a0<strong>tenemos m\u00e1s de 100 a\u00f1os de experiencia<\/strong>\u00a0en conjunto con una dedicaci\u00f3n sincera de lograr los mejores resultados finales para nuestros clientes. Usted puede acudir a nosotros para abogac\u00eda incondicional, sofisticada y exitosa en cualquier tipo de disputa de negocios.<\/p>\n<h2>Casos de Litigios Comerciales que Atendemos<\/h2>\n<p>Sin importar la clase de disputas que su negocio puede estar enfrentando, nuestro equipo tiene el conocimiento y la experiencia necesaria para ayudar. La mayor\u00eda de nuestros abogados est\u00e1n certificados por la Junta de Especializaci\u00f3n Legal de Texas en sus campos, que nos diferencia de otros abogados en el estado. Tambi\u00e9n estamos orgullosos de nuestras muchas d\u00e9cadas de experiencia legal colectiva y nuestra pasi\u00f3n por la b\u00fasqueda incesante de indemnizaci\u00f3n en nombre de nuestros clientes.<\/p>\n<p><strong>Algunos casos comunes de disputas de negocios que atendemos son:<\/strong><\/p>\n","protected":false},"excerpt":{"rendered":"<p>Resolviendo Disputas de Negocios en Houston Abogados de Derecho Comercial en Galveston, el sur de Texas, y Luisiana Cuestiones de derecho de negocios pueden ser complejas, costosas y requieren mucho tiempo. Al contratar un abogado con experiencia de nuestro bufete de abogados de Houston, usted puede estar seguro de que su caso estar\u00e1 en buenas&#8230;<\/p>\n","protected":false},"author":3,"featured_media":18654,"parent":230,"menu_order":5,"comment_status":"closed","ping_status":"closed","template":"template-spanish-practice-area.php","meta":{"_acf_changed":false,"footnotes":"","_elementor_data":""},"class_list":["post-280","page","type-page","status-publish","has-post-thumbnail","hentry"],"acf":[],"page_builder_type":"classic","gutenberg_data":[],"yoast_head":"<!-- This site is optimized with the Yoast SEO plugin v27.3 - https:\/\/yoast.com\/product\/yoast-seo-wordpress\/ -->\n<title>Disputas De Negocio - Abogado Comercial Para Negocios En Luisiana<\/title>\n<meta name=\"description\" content=\"Su disputa de negocios requiere la gu\u00eda de nuestro abogado con experiencia en Houston. Hable con un miembro de nuestro bufete en Fibich, Leebron, Copeland y Briggs.\" \/>\n<meta name=\"robots\" content=\"index, follow, max-snippet:-1, max-image-preview:large, max-video-preview:-1\" \/>\n<link rel=\"canonical\" href=\"https:\/\/fibichlaw.com\/es\/areas-de-practica\/disputas-de-negocio\/\" \/>\n<meta property=\"og:locale\" content=\"es_ES\" \/>\n<meta property=\"og:type\" content=\"article\" \/>\n<meta property=\"og:title\" content=\"Disputas De Negocio - Abogado Comercial Para Negocios En Luisiana\" \/>\n<meta property=\"og:description\" content=\"Su disputa de negocios requiere la gu\u00eda de nuestro abogado con experiencia en Houston. Hable con un miembro de nuestro bufete en Fibich, Leebron, Copeland y Briggs.\" \/>\n<meta property=\"og:url\" content=\"https:\/\/fibichlaw.com\/es\/areas-de-practica\/disputas-de-negocio\/\" \/>\n<meta property=\"og:site_name\" content=\"Fibich Leebron Copeland &amp; Briggs\" \/>\n<meta property=\"article:publisher\" content=\"https:\/\/www.facebook.com\/fibichleebron\/\" \/>\n<meta property=\"article:modified_time\" content=\"2023-09-22T04:07:35+00:00\" \/>\n<meta property=\"og:image\" content=\"https:\/\/fibichlaw.com\/wp-content\/uploads\/2023\/09\/disputas-de-negocio.jpeg\" \/>\n\t<meta property=\"og:image:width\" content=\"930\" \/>\n\t<meta property=\"og:image:height\" content=\"320\" \/>\n\t<meta property=\"og:image:type\" content=\"image\/jpeg\" \/>\n<meta name=\"twitter:card\" content=\"summary_large_image\" \/>\n<meta name=\"twitter:site\" content=\"@FibichLaw\" \/>\n<meta name=\"twitter:label1\" content=\"Tiempo de lectura\" \/>\n\t<meta name=\"twitter:data1\" content=\"1 minuto\" \/>\n<!-- \/ Yoast SEO plugin. -->","yoast_head_json":{"title":"Disputas De Negocio - Abogado Comercial Para Negocios En Luisiana","description":"Su disputa de negocios requiere la gu\u00eda de nuestro abogado con experiencia en Houston. Hable con un miembro de nuestro bufete en Fibich, Leebron, Copeland y Briggs.","robots":{"index":"index","follow":"follow","max-snippet":"max-snippet:-1","max-image-preview":"max-image-preview:large","max-video-preview":"max-video-preview:-1"},"canonical":"https:\/\/fibichlaw.com\/es\/areas-de-practica\/disputas-de-negocio\/","og_locale":"es_ES","og_type":"article","og_title":"Disputas De Negocio - Abogado Comercial Para Negocios En Luisiana","og_description":"Su disputa de negocios requiere la gu\u00eda de nuestro abogado con experiencia en Houston. Hable con un miembro de nuestro bufete en Fibich, Leebron, Copeland y Briggs.","og_url":"https:\/\/fibichlaw.com\/es\/areas-de-practica\/disputas-de-negocio\/","og_site_name":"Fibich Leebron Copeland &amp; Briggs","article_publisher":"https:\/\/www.facebook.com\/fibichleebron\/","article_modified_time":"2023-09-22T04:07:35+00:00","og_image":[{"width":930,"height":320,"url":"https:\/\/fibichlaw.com\/wp-content\/uploads\/2023\/09\/disputas-de-negocio.jpeg","type":"image\/jpeg"}],"twitter_card":"summary_large_image","twitter_site":"@FibichLaw","twitter_misc":{"Tiempo de lectura":"1 minuto"},"schema":{"@context":"https:\/\/schema.org","@graph":[{"@type":"WebPage","@id":"https:\/\/fibichlaw.com\/es\/areas-de-practica\/disputas-de-negocio\/","url":"https:\/\/fibichlaw.com\/es\/areas-de-practica\/disputas-de-negocio\/","name":"Disputas De Negocio - Abogado Comercial Para Negocios En Luisiana","isPartOf":{"@id":"https:\/\/fibichlaw.com\/es\/#website"},"primaryImageOfPage":{"@id":"https:\/\/fibichlaw.com\/es\/areas-de-practica\/disputas-de-negocio\/#primaryimage"},"image":{"@id":"https:\/\/fibichlaw.com\/es\/areas-de-practica\/disputas-de-negocio\/#primaryimage"},"thumbnailUrl":"https:\/\/fibichlaw.com\/wp-content\/uploads\/2023\/09\/disputas-de-negocio.jpeg","datePublished":"2023-05-31T15:54:57+00:00","dateModified":"2023-09-22T04:07:35+00:00","description":"Su disputa de negocios requiere la gu\u00eda de nuestro abogado con experiencia en Houston. Hable con un miembro de nuestro bufete en Fibich, Leebron, Copeland y Briggs.","breadcrumb":{"@id":"https:\/\/fibichlaw.com\/es\/areas-de-practica\/disputas-de-negocio\/#breadcrumb"},"inLanguage":"es","potentialAction":[{"@type":"ReadAction","target":["https:\/\/fibichlaw.com\/es\/areas-de-practica\/disputas-de-negocio\/"]}]},{"@type":"ImageObject","inLanguage":"es","@id":"https:\/\/fibichlaw.com\/es\/areas-de-practica\/disputas-de-negocio\/#primaryimage","url":"https:\/\/fibichlaw.com\/wp-content\/uploads\/2023\/09\/disputas-de-negocio.jpeg","contentUrl":"https:\/\/fibichlaw.com\/wp-content\/uploads\/2023\/09\/disputas-de-negocio.jpeg","width":930,"height":320},{"@type":"BreadcrumbList","@id":"https:\/\/fibichlaw.com\/es\/areas-de-practica\/disputas-de-negocio\/#breadcrumb","itemListElement":[{"@type":"ListItem","position":1,"name":"Inicio","item":"https:\/\/fibichlaw.com\/es\/"},{"@type":"ListItem","position":2,"name":"\u00c1reas de Pr\u00e1ctica","item":"https:\/\/fibichlaw.com\/es\/areas-de-practica\/"},{"@type":"ListItem","position":3,"name":"Disputas de Negocio"}]},{"@type":"WebSite","@id":"https:\/\/fibichlaw.com\/es\/#website","url":"https:\/\/fibichlaw.com\/es\/","name":"Fibich Leebron Copeland & Briggs","description":"","publisher":{"@id":"https:\/\/fibichlaw.com\/es\/#organization"},"potentialAction":[{"@type":"SearchAction","target":{"@type":"EntryPoint","urlTemplate":"https:\/\/fibichlaw.com\/es\/?s={search_term_string}"},"query-input":{"@type":"PropertyValueSpecification","valueRequired":true,"valueName":"search_term_string"}}],"inLanguage":"es"},{"@type":"Organization","@id":"https:\/\/fibichlaw.com\/es\/#organization","name":"Fibich Leebron Copeland & Briggs","url":"https:\/\/fibichlaw.com\/es\/","logo":{"@type":"ImageObject","inLanguage":"es","@id":"https:\/\/fibichlaw.com\/es\/#\/schema\/logo\/image\/","url":"https:\/\/fibichlaw.com\/wp-content\/uploads\/2023\/06\/fibich-footer-logo.svg","contentUrl":"https:\/\/fibichlaw.com\/wp-content\/uploads\/2023\/06\/fibich-footer-logo.svg","width":1,"height":1,"caption":"Fibich Leebron Copeland & Briggs"},"image":{"@id":"https:\/\/fibichlaw.com\/es\/#\/schema\/logo\/image\/"},"sameAs":["https:\/\/www.facebook.com\/fibichleebron\/","https:\/\/x.com\/FibichLaw","https:\/\/www.instagram.com\/attorneyerin\/","https:\/\/www.linkedin.com\/company\/fibich-leebron-copeland-briggs-josephson\/","https:\/\/www.youtube.com\/channel\/UCm_MuQE-2IqJmh5zvEc4Mtg"]}]}},"_links":{"self":[{"href":"https:\/\/fibichlaw.com\/es\/wp-json\/wp\/v2\/pages\/280","targetHints":{"allow":["GET"]}}],"collection":[{"href":"https:\/\/fibichlaw.com\/es\/wp-json\/wp\/v2\/pages"}],"about":[{"href":"https:\/\/fibichlaw.com\/es\/wp-json\/wp\/v2\/types\/page"}],"author":[{"embeddable":true,"href":"https:\/\/fibichlaw.com\/es\/wp-json\/wp\/v2\/users\/3"}],"replies":[{"embeddable":true,"href":"https:\/\/fibichlaw.com\/es\/wp-json\/wp\/v2\/comments?post=280"}],"version-history":[{"count":0,"href":"https:\/\/fibichlaw.com\/es\/wp-json\/wp\/v2\/pages\/280\/revisions"}],"up":[{"embeddable":true,"href":"https:\/\/fibichlaw.com\/es\/wp-json\/wp\/v2\/pages\/230"}],"wp:featuredmedia":[{"embeddable":true,"href":"https:\/\/fibichlaw.com\/es\/wp-json\/wp\/v2\/media\/18654"}],"wp:attachment":[{"href":"https:\/\/fibichlaw.com\/es\/wp-json\/wp\/v2\/media?parent=280"}],"curies":[{"name":"wp","href":"https:\/\/api.w.org\/{rel}","templated":true}]}}