{"id":287,"date":"2023-05-31T15:55:15","date_gmt":"2023-05-31T15:55:15","guid":{"rendered":"https:\/\/fibichlaw.com\/?page_id=287"},"modified":"2023-09-21T22:02:36","modified_gmt":"2023-09-21T22:02:36","slug":"acciones-de-clase-de-consumidores","status":"publish","type":"page","link":"https:\/\/fibichlaw.com\/es\/areas-de-practica\/acciones-de-clase-de-consumidores\/","title":{"rendered":"Acciones de clase de Consumidores"},"content":{"rendered":"<h2>Abogados de Acciones de Clase de Consumidor en Houston y Luisiana<\/h2>\n<p><span class=\"span-1\">\u00bfC\u00f3mo funciona?<\/span><\/p>\n<p>Una acci\u00f3n de clase de consumidores es un tipo espec\u00edfico de demanda, que es llevado a un tribunal estatal o federal por un solo demandante, o varios demandantes, en nombre de un grupo mayor de personas que est\u00e1n en la misma situaci\u00f3n.<\/p>\n<p>Este tipo de demandas se agrupan con el fin de dar una respuesta uniforme a la parte demandante mientras se evita la congesti\u00f3n innecesaria en el sistema judicial. Adem\u00e1s, la presentaci\u00f3n de una reclamaci\u00f3n de forma independiente no ser\u00eda muy rentable. Perseguir el caso como una \u201cclase\u201d permite que las personas involucradas obtengan una compensaci\u00f3n merecida evitando al mismo tiempo los costos potencialmente inconmensurables de litigio.<\/p>\n<p><strong>Ejemplos de acciones de clase de consumidores comunes se dividen en categor\u00edas incluyendo, pero no limitadas a:<\/strong><\/p>\n","protected":false},"excerpt":{"rendered":"<p>Abogados de Acciones de Clase de Consumidor en Houston y Luisiana \u00bfC\u00f3mo funciona? Una acci\u00f3n de clase de consumidores es un tipo espec\u00edfico de demanda, que es llevado a un tribunal estatal o federal por un solo demandante, o varios demandantes, en nombre de un grupo mayor de personas que est\u00e1n en la misma situaci\u00f3n&#8230;.<\/p>\n","protected":false},"author":3,"featured_media":18647,"parent":230,"menu_order":0,"comment_status":"closed","ping_status":"closed","template":"template-spanish-practice-area.php","meta":{"_acf_changed":false,"footnotes":"","_elementor_data":""},"class_list":["post-287","page","type-page","status-publish","has-post-thumbnail","hentry"],"acf":[],"page_builder_type":"classic","gutenberg_data":[],"yoast_head":"<!-- This site is optimized with the Yoast SEO plugin v27.3 - https:\/\/yoast.com\/product\/yoast-seo-wordpress\/ -->\n<title>Acciones De Clase - Abogados De Acciones De Clase En Luisiana<\/title>\n<meta name=\"description\" content=\"\u00bfQu\u00e9 es una acci\u00f3n de clase de consumidores? Obtenga m\u00e1s informaci\u00f3n al programar una consulta gratuita con nuestros abogados de Houston en Fibich, Leebron, Copeland y Briggs. \u00bfQu\u00e9 es una acci\u00f3n de clase de consumidores? Obtenga m\u00e1s informaci\u00f3n al programar una consulta gratuita con nuestros abogados de Houston en Fibich, Leebron, Copeland y Briggs.\" \/>\n<meta name=\"robots\" content=\"index, follow, max-snippet:-1, max-image-preview:large, max-video-preview:-1\" \/>\n<link rel=\"canonical\" href=\"https:\/\/fibichlaw.com\/es\/areas-de-practica\/acciones-de-clase-de-consumidores\/\" \/>\n<meta property=\"og:locale\" content=\"es_ES\" \/>\n<meta property=\"og:type\" content=\"article\" \/>\n<meta property=\"og:title\" content=\"Acciones De Clase - Abogados De Acciones De Clase En Luisiana\" \/>\n<meta property=\"og:description\" content=\"\u00bfQu\u00e9 es una acci\u00f3n de clase de consumidores? Obtenga m\u00e1s informaci\u00f3n al programar una consulta gratuita con nuestros abogados de Houston en Fibich, Leebron, Copeland y Briggs. \u00bfQu\u00e9 es una acci\u00f3n de clase de consumidores? Obtenga m\u00e1s informaci\u00f3n al programar una consulta gratuita con nuestros abogados de Houston en Fibich, Leebron, Copeland y Briggs.\" \/>\n<meta property=\"og:url\" content=\"https:\/\/fibichlaw.com\/es\/areas-de-practica\/acciones-de-clase-de-consumidores\/\" \/>\n<meta property=\"og:site_name\" content=\"Fibich Leebron Copeland &amp; Briggs\" \/>\n<meta property=\"article:publisher\" content=\"https:\/\/www.facebook.com\/fibichleebron\/\" \/>\n<meta property=\"article:modified_time\" content=\"2023-09-21T22:02:36+00:00\" \/>\n<meta property=\"og:image\" content=\"https:\/\/fibichlaw.com\/wp-content\/uploads\/2023\/09\/acciones-de-clase-de-consumidores.jpeg\" \/>\n\t<meta property=\"og:image:width\" content=\"930\" \/>\n\t<meta property=\"og:image:height\" content=\"320\" \/>\n\t<meta property=\"og:image:type\" content=\"image\/jpeg\" \/>\n<meta name=\"twitter:card\" content=\"summary_large_image\" \/>\n<meta name=\"twitter:site\" content=\"@FibichLaw\" \/>\n<meta name=\"twitter:label1\" content=\"Tiempo de lectura\" \/>\n\t<meta name=\"twitter:data1\" content=\"2 minutos\" \/>\n<!-- \/ Yoast SEO plugin. -->","yoast_head_json":{"title":"Acciones De Clase - Abogados De Acciones De Clase En Luisiana","description":"\u00bfQu\u00e9 es una acci\u00f3n de clase de consumidores? Obtenga m\u00e1s informaci\u00f3n al programar una consulta gratuita con nuestros abogados de Houston en Fibich, Leebron, Copeland y Briggs. \u00bfQu\u00e9 es una acci\u00f3n de clase de consumidores? Obtenga m\u00e1s informaci\u00f3n al programar una consulta gratuita con nuestros abogados de Houston en Fibich, Leebron, Copeland y Briggs.","robots":{"index":"index","follow":"follow","max-snippet":"max-snippet:-1","max-image-preview":"max-image-preview:large","max-video-preview":"max-video-preview:-1"},"canonical":"https:\/\/fibichlaw.com\/es\/areas-de-practica\/acciones-de-clase-de-consumidores\/","og_locale":"es_ES","og_type":"article","og_title":"Acciones De Clase - Abogados De Acciones De Clase En Luisiana","og_description":"\u00bfQu\u00e9 es una acci\u00f3n de clase de consumidores? Obtenga m\u00e1s informaci\u00f3n al programar una consulta gratuita con nuestros abogados de Houston en Fibich, Leebron, Copeland y Briggs. \u00bfQu\u00e9 es una acci\u00f3n de clase de consumidores? Obtenga m\u00e1s informaci\u00f3n al programar una consulta gratuita con nuestros abogados de Houston en Fibich, Leebron, Copeland y Briggs.","og_url":"https:\/\/fibichlaw.com\/es\/areas-de-practica\/acciones-de-clase-de-consumidores\/","og_site_name":"Fibich Leebron Copeland &amp; Briggs","article_publisher":"https:\/\/www.facebook.com\/fibichleebron\/","article_modified_time":"2023-09-21T22:02:36+00:00","og_image":[{"width":930,"height":320,"url":"https:\/\/fibichlaw.com\/wp-content\/uploads\/2023\/09\/acciones-de-clase-de-consumidores.jpeg","type":"image\/jpeg"}],"twitter_card":"summary_large_image","twitter_site":"@FibichLaw","twitter_misc":{"Tiempo de lectura":"2 minutos"},"schema":{"@context":"https:\/\/schema.org","@graph":[{"@type":"WebPage","@id":"https:\/\/fibichlaw.com\/es\/areas-de-practica\/acciones-de-clase-de-consumidores\/","url":"https:\/\/fibichlaw.com\/es\/areas-de-practica\/acciones-de-clase-de-consumidores\/","name":"Acciones De Clase - Abogados De Acciones De Clase En Luisiana","isPartOf":{"@id":"https:\/\/fibichlaw.com\/es\/#website"},"primaryImageOfPage":{"@id":"https:\/\/fibichlaw.com\/es\/areas-de-practica\/acciones-de-clase-de-consumidores\/#primaryimage"},"image":{"@id":"https:\/\/fibichlaw.com\/es\/areas-de-practica\/acciones-de-clase-de-consumidores\/#primaryimage"},"thumbnailUrl":"https:\/\/fibichlaw.com\/wp-content\/uploads\/2023\/09\/acciones-de-clase-de-consumidores.jpeg","datePublished":"2023-05-31T15:55:15+00:00","dateModified":"2023-09-21T22:02:36+00:00","description":"\u00bfQu\u00e9 es una acci\u00f3n de clase de consumidores? Obtenga m\u00e1s informaci\u00f3n al programar una consulta gratuita con nuestros abogados de Houston en Fibich, Leebron, Copeland y Briggs. \u00bfQu\u00e9 es una acci\u00f3n de clase de consumidores? Obtenga m\u00e1s informaci\u00f3n al programar una consulta gratuita con nuestros abogados de Houston en Fibich, Leebron, Copeland y Briggs.","breadcrumb":{"@id":"https:\/\/fibichlaw.com\/es\/areas-de-practica\/acciones-de-clase-de-consumidores\/#breadcrumb"},"inLanguage":"es","potentialAction":[{"@type":"ReadAction","target":["https:\/\/fibichlaw.com\/es\/areas-de-practica\/acciones-de-clase-de-consumidores\/"]}]},{"@type":"ImageObject","inLanguage":"es","@id":"https:\/\/fibichlaw.com\/es\/areas-de-practica\/acciones-de-clase-de-consumidores\/#primaryimage","url":"https:\/\/fibichlaw.com\/wp-content\/uploads\/2023\/09\/acciones-de-clase-de-consumidores.jpeg","contentUrl":"https:\/\/fibichlaw.com\/wp-content\/uploads\/2023\/09\/acciones-de-clase-de-consumidores.jpeg","width":930,"height":320},{"@type":"BreadcrumbList","@id":"https:\/\/fibichlaw.com\/es\/areas-de-practica\/acciones-de-clase-de-consumidores\/#breadcrumb","itemListElement":[{"@type":"ListItem","position":1,"name":"Inicio","item":"https:\/\/fibichlaw.com\/es\/"},{"@type":"ListItem","position":2,"name":"\u00c1reas de Pr\u00e1ctica","item":"https:\/\/fibichlaw.com\/es\/areas-de-practica\/"},{"@type":"ListItem","position":3,"name":"Acciones de clase de Consumidores"}]},{"@type":"WebSite","@id":"https:\/\/fibichlaw.com\/es\/#website","url":"https:\/\/fibichlaw.com\/es\/","name":"Fibich Leebron Copeland & Briggs","description":"","publisher":{"@id":"https:\/\/fibichlaw.com\/es\/#organization"},"potentialAction":[{"@type":"SearchAction","target":{"@type":"EntryPoint","urlTemplate":"https:\/\/fibichlaw.com\/es\/?s={search_term_string}"},"query-input":{"@type":"PropertyValueSpecification","valueRequired":true,"valueName":"search_term_string"}}],"inLanguage":"es"},{"@type":"Organization","@id":"https:\/\/fibichlaw.com\/es\/#organization","name":"Fibich Leebron Copeland & Briggs","url":"https:\/\/fibichlaw.com\/es\/","logo":{"@type":"ImageObject","inLanguage":"es","@id":"https:\/\/fibichlaw.com\/es\/#\/schema\/logo\/image\/","url":"https:\/\/fibichlaw.com\/wp-content\/uploads\/2023\/06\/fibich-footer-logo.svg","contentUrl":"https:\/\/fibichlaw.com\/wp-content\/uploads\/2023\/06\/fibich-footer-logo.svg","width":1,"height":1,"caption":"Fibich Leebron Copeland & Briggs"},"image":{"@id":"https:\/\/fibichlaw.com\/es\/#\/schema\/logo\/image\/"},"sameAs":["https:\/\/www.facebook.com\/fibichleebron\/","https:\/\/x.com\/FibichLaw","https:\/\/www.instagram.com\/attorneyerin\/","https:\/\/www.linkedin.com\/company\/fibich-leebron-copeland-briggs-josephson\/","https:\/\/www.youtube.com\/channel\/UCm_MuQE-2IqJmh5zvEc4Mtg"]}]}},"_links":{"self":[{"href":"https:\/\/fibichlaw.com\/es\/wp-json\/wp\/v2\/pages\/287","targetHints":{"allow":["GET"]}}],"collection":[{"href":"https:\/\/fibichlaw.com\/es\/wp-json\/wp\/v2\/pages"}],"about":[{"href":"https:\/\/fibichlaw.com\/es\/wp-json\/wp\/v2\/types\/page"}],"author":[{"embeddable":true,"href":"https:\/\/fibichlaw.com\/es\/wp-json\/wp\/v2\/users\/3"}],"replies":[{"embeddable":true,"href":"https:\/\/fibichlaw.com\/es\/wp-json\/wp\/v2\/comments?post=287"}],"version-history":[{"count":0,"href":"https:\/\/fibichlaw.com\/es\/wp-json\/wp\/v2\/pages\/287\/revisions"}],"up":[{"embeddable":true,"href":"https:\/\/fibichlaw.com\/es\/wp-json\/wp\/v2\/pages\/230"}],"wp:featuredmedia":[{"embeddable":true,"href":"https:\/\/fibichlaw.com\/es\/wp-json\/wp\/v2\/media\/18647"}],"wp:attachment":[{"href":"https:\/\/fibichlaw.com\/es\/wp-json\/wp\/v2\/media?parent=287"}],"curies":[{"name":"wp","href":"https:\/\/api.w.org\/{rel}","templated":true}]}}